{"id":1327,"date":"2024-05-13T12:34:37","date_gmt":"2024-05-13T12:34:37","guid":{"rendered":"https:\/\/qth.ee\/?page_id=1327"},"modified":"2024-06-24T11:39:38","modified_gmt":"2024-06-24T11:39:38","slug":"services","status":"publish","type":"page","link":"https:\/\/qth.ee\/et\/services\/","title":{"rendered":"T\u00e4ppist\u00f6\u00f6tlus"},"content":{"rendered":"<div class=\"wp-block-cover alignfull has-custom-content-position is-position-bottom-center ext-import\" style=\"padding-right:var(--wp--preset--spacing--30);padding-left:var(--wp--preset--spacing--30);min-height:412px;aspect-ratio:unset;\"><span aria-hidden=\"true\" class=\"wp-block-cover__background has-black-background-color has-background-dim-60 has-background-dim\"><\/span><img fetchpriority=\"high\" decoding=\"async\" width=\"2560\" height=\"1435\" class=\"wp-block-cover__image-background wp-image-1328\" alt=\"\" src=\"https:\/\/qth.ee\/wp-content\/uploads\/2024\/05\/parts1-scaled.jpeg\" data-object-fit=\"cover\" srcset=\"https:\/\/qth.ee\/wp-content\/uploads\/2024\/05\/parts1-scaled.jpeg 2560w, https:\/\/qth.ee\/wp-content\/uploads\/2024\/05\/parts1-300x168.jpeg 300w, https:\/\/qth.ee\/wp-content\/uploads\/2024\/05\/parts1-1024x574.jpeg 1024w, https:\/\/qth.ee\/wp-content\/uploads\/2024\/05\/parts1-768x430.jpeg 768w, https:\/\/qth.ee\/wp-content\/uploads\/2024\/05\/parts1-1536x861.jpeg 1536w, https:\/\/qth.ee\/wp-content\/uploads\/2024\/05\/parts1-2048x1148.jpeg 2048w\" sizes=\"(max-width: 2560px) 100vw, 2560px\" \/><div class=\"wp-block-cover__inner-container is-layout-flow wp-block-cover-is-layout-flow\">\n<div class=\"wp-block-group is-layout-constrained wp-block-group-is-layout-constrained\" style=\"padding-top:var(--wp--preset--spacing--40);padding-bottom:var(--wp--preset--spacing--60)\">\n<div class=\"wp-block-columns alignwide is-layout-flex wp-container-core-columns-is-layout-9503679e wp-block-columns-is-layout-flex\">\n<div class=\"wp-block-column is-layout-flow wp-block-column-is-layout-flow\" style=\"flex-basis:60%\">\n<h1 class=\"wp-block-heading has-text-align-left has-white-color has-text-color\"><strong><strong>T\u00e4pse allt\u00f6\u00f6v\u00f5tu: Mehaaniliste osade tootmine<\/strong><\/strong><\/h1>\n<\/div>\n\n\n\n<div class=\"wp-block-column is-layout-flow wp-block-column-is-layout-flow\" style=\"flex-basis:40%\">\n<p class=\"has-text-align-left has-white-color has-text-color\" style=\"padding-top:var(--wp--preset--spacing--30)\"><strong>Meie kaks tehast valmistavad oskuslikult mitmesuguseid mehaanilisi detaile, mis on erineva suuruse ja keerukusega.<\/strong><\/p>\n\n\n\n<div class=\"wp-block-buttons is-content-justification-left is-layout-flex wp-container-core-buttons-is-layout-3535db69 wp-block-buttons-is-layout-flex\" style=\"margin-top:var(--wp--preset--spacing--30)\">\n<div class=\"wp-block-button has-custom-font-size has-small-font-size\"><a class=\"wp-block-button__link wp-element-button\" href=\"https:\/\/qth.ee\/et\/contact\/#contact-now\">K\u00fcsi pakkumist<\/a><\/div>\n<\/div>\n<\/div>\n<\/div>\n<\/div>\n<\/div><\/div>\n\n\n\n<div class=\"wp-block-uagb-container uagb-block-cd2fc679 alignfull uagb-is-root-container\"><div class=\"uagb-container-inner-blocks-wrap\">\n<div class=\"wp-block-uagb-info-box uagb-block-3b175fd5 uagb-infobox__content-wrap  uagb-infobox-icon-above-title uagb-infobox-image-valign-top\"><div class=\"uagb-ifb-content\"><div class=\"uagb-ifb-title-wrap\"><h2 class=\"uagb-ifb-title\">Peamised tootmisv\u00f5imalused<\/h2><\/div><p class=\"uagb-ifb-desc\">Me t\u00f6\u00f6tame mitmesuguste materjalidega, alates plastist kuni karastatud teraseni. Pakume nii v\u00e4ike seeria tootmist kui ka suurte partiide tootmist.<\/p><\/div><\/div>\n\n\n\n<div class=\"wp-block-uagb-container uagb-block-93377a07\">\n<div class=\"wp-block-uagb-container uagb-block-fae5d157\">\n<div class=\"wp-block-uagb-image alignleft uagb-block-df4cd6be wp-block-uagb-image--layout-default wp-block-uagb-image--effect-static wp-block-uagb-image--align-left\"><figure class=\"wp-block-uagb-image__figure\"><img loading=\"lazy\" decoding=\"async\" srcset=\"https:\/\/qth.ee\/wp-content\/uploads\/2024\/05\/parts1-2-1024x574.jpeg ,https:\/\/qth.ee\/wp-content\/uploads\/2024\/05\/parts1-2-scaled.jpeg 780w, https:\/\/qth.ee\/wp-content\/uploads\/2024\/05\/parts1-2-scaled.jpeg 360w\" sizes=\"auto, (max-width: 480px) 150px\" src=\"https:\/\/qth.ee\/wp-content\/uploads\/2024\/05\/parts1-2-1024x574.jpeg\" alt=\"\" class=\"uag-image-1350\" width=\"373\" height=\"480\" title=\"Mitmesugused metalldetailid t\u00f6\u00f6stusdisaini taust, insener-tehnoloogia kontseptsioon, Generative AI\" role=\"img\"\/><\/figure><\/div>\n\n\n\n<div class=\"wp-block-uagb-advanced-heading uagb-block-82da6484\"><h3 class=\"uagb-heading-text\">Masinaosad<\/h3><p class=\"uagb-desc-text\">QTH pakub masinaosade tootmist. Olgu see v\u00f5ll v\u00f5i m\u00f5ni muu t\u00e4psust n\u00f5udev detail, meie p\u00fchendunud meeskond ja masinapark toovad teieni professionaalsed lahendused.<\/p><\/div>\n<\/div>\n\n\n\n<div class=\"wp-block-uagb-container uagb-block-b4a21a88\">\n<div class=\"wp-block-uagb-image alignleft uagb-block-2400b6c1 wp-block-uagb-image--layout-default wp-block-uagb-image--effect-static wp-block-uagb-image--align-left\"><figure class=\"wp-block-uagb-image__figure\"><img loading=\"lazy\" decoding=\"async\" srcset=\"https:\/\/qth.ee\/wp-content\/uploads\/2024\/05\/flantsid-1-1024x768.jpeg ,https:\/\/qth.ee\/wp-content\/uploads\/2024\/05\/flantsid-1-scaled.jpeg 780w, https:\/\/qth.ee\/wp-content\/uploads\/2024\/05\/flantsid-1-scaled.jpeg 360w\" sizes=\"auto, (max-width: 480px) 150px\" src=\"https:\/\/qth.ee\/wp-content\/uploads\/2024\/05\/flantsid-1-1024x768.jpeg\" alt=\"\" class=\"uag-image-1349\" width=\"373\" height=\"480\" title=\"L\u00e4ikivad terasest osad taustal. Tavaline t\u00f6\u00f6stusliku metallitootmise muster valikulise fookusega.\" role=\"img\"\/><\/figure><\/div>\n\n\n\n<div class=\"wp-block-uagb-advanced-heading uagb-block-ddf76d8a\"><h3 class=\"uagb-heading-text\">Partii tootmine<\/h3><p class=\"uagb-desc-text\">Teostame seeria tootmist v\u00e4ikestele-, keskmistele- ja suurtele partiidele. Seeria korras toodame nii detaile, masinaosi, kui ka valmis masinaid.<\/p><\/div>\n<\/div>\n\n\n\n<div class=\"wp-block-uagb-container uagb-block-4be5b602\">\n<div class=\"wp-block-uagb-image alignleft uagb-block-b48fe4eb wp-block-uagb-image--layout-default wp-block-uagb-image--effect-static wp-block-uagb-image--align-left\"><figure class=\"wp-block-uagb-image__figure\"><img loading=\"lazy\" decoding=\"async\" srcset=\"https:\/\/qth.ee\/wp-content\/uploads\/2024\/05\/turbine-2-1024x683.jpeg ,https:\/\/qth.ee\/wp-content\/uploads\/2024\/05\/turbine-2-scaled.jpeg 780w, https:\/\/qth.ee\/wp-content\/uploads\/2024\/05\/turbine-2-scaled.jpeg 360w\" sizes=\"auto, (max-width: 480px) 150px\" src=\"https:\/\/qth.ee\/wp-content\/uploads\/2024\/05\/turbine-2-1024x683.jpeg\" alt=\"\" class=\"uag-image-1351\" width=\"373\" height=\"480\" title=\"Molekulaarse vaakumpumba labad. Abstraktne t\u00f6\u00f6stuslik taust.\" role=\"img\"\/><\/figure><\/div>\n\n\n\n<div class=\"wp-block-uagb-advanced-heading uagb-block-2d89467b\"><h3 class=\"uagb-heading-text\">Komplekssed komponendid<\/h3><p class=\"uagb-desc-text\">Meie teenuste hulka kuulub keerukate detailide tootmine. Vajadusel valmistame spetsiaalse rakise teie detaili jaoks, tagamaks selle kvaliteedi ja vastavuse teie ootustele.<\/p><\/div>\n<\/div>\n<\/div>\n<\/div><\/div>\n\n\n\n<div class=\"wp-block-group alignfull has-background-background-color has-background is-layout-constrained wp-container-core-group-is-layout-c03f3b2a wp-block-group-is-layout-constrained\" style=\"padding-top:var(--wp--preset--spacing--60);padding-right:var(--wp--preset--spacing--30);padding-bottom:var(--wp--preset--spacing--60);padding-left:var(--wp--preset--spacing--30)\">\n<div class=\"wp-block-media-text alignwide has-media-on-the-right is-stacked-on-mobile is-vertically-aligned-center is-image-fill ext-import\" style=\"padding-right:0;padding-left:0;grid-template-columns:auto 40%\"><div class=\"wp-block-media-text__content\">\n<h3 class=\"wp-block-heading\" style=\"margin-top:12px\">QTH teenused:<\/h3>\n\n\n\n<p style=\"margin-top:16px\">Meie kaks tehast toodavad mitmesuguseid mehaanilisi detaile, mis on erineva suuruse ja keerukusega. Meie teenused h\u00f5lmavad j\u00e4rgmist:<\/p>\n\n\n\n<ul style=\"line-height:2\" class=\"has-small-font-size wp-block-list\">\n<li class=\" translation-block\"><strong>CNC freesimine;<\/li>\n\n\n\n<li class=\" translation-block\"><strong>CNC treimine;<\/li>\n\n\n\n<li class=\" translation-block\"><strong>Tasaparalleel lihvimine;<\/li>\n\n\n\n<li class=\" translation-block\"><strong>Haaveldamine;<\/li>\n\n\n\n<li class=\" translation-block\"><strong>V\u00e4rvimine;<\/li>\n\n\n\n<li class=\" translation-block\"><strong>Keevitus.<\/li>\n<\/ul>\n\n\n\n<div class=\"wp-block-group is-content-justification-left is-layout-constrained wp-container-core-group-is-layout-cdff7eec wp-block-group-is-layout-constrained\" style=\"padding-top:var(--wp--preset--spacing--30);padding-right:0;padding-bottom:var(--wp--preset--spacing--30);padding-left:0\">\n<div class=\"wp-block-buttons is-layout-flex wp-container-core-buttons-is-layout-12dcd427 wp-block-buttons-is-layout-flex\" style=\"margin-top:var(--wp--preset--spacing--40)\">\n<div class=\"wp-block-button is-style-outline is-style-outline--1\"><a class=\"wp-block-button__link wp-element-button\" href=\"https:\/\/qth.ee\/et\/machine-park\/\">QTH Masinapark<\/a><\/div>\n<\/div>\n<\/div>\n<\/div><figure class=\"wp-block-media-text__media\" style=\"background-image:url(https:\/\/qth.ee\/wp-content\/uploads\/2024\/05\/grinding.jpeg);background-position:50% 50%\"><img decoding=\"async\" width=\"1024\" height=\"682\" src=\"https:\/\/qth.ee\/wp-content\/uploads\/2024\/05\/grinding.jpeg\" alt=\"\" class=\"wp-image-1353 size-full\" srcset=\"https:\/\/qth.ee\/wp-content\/uploads\/2024\/05\/grinding.jpeg 1024w, https:\/\/qth.ee\/wp-content\/uploads\/2024\/05\/grinding-300x200.jpeg 300w, https:\/\/qth.ee\/wp-content\/uploads\/2024\/05\/grinding-768x512.jpeg 768w, https:\/\/qth.ee\/wp-content\/uploads\/2024\/05\/grinding-18x12.jpeg 18w\" sizes=\"(max-width: 1024px) 100vw, 1024px\" \/><\/figure><\/div>\n<\/div>\n\n\n\n<div class=\"wp-block-group alignfull has-background-background-color has-background is-layout-constrained wp-container-core-group-is-layout-c03f3b2a wp-block-group-is-layout-constrained\" style=\"padding-top:var(--wp--preset--spacing--60);padding-right:var(--wp--preset--spacing--30);padding-bottom:var(--wp--preset--spacing--60);padding-left:var(--wp--preset--spacing--30)\">\n<div class=\"wp-block-media-text alignwide is-stacked-on-mobile is-vertically-aligned-center is-image-fill ext-import\" style=\"padding-right:0;padding-left:0;grid-template-columns:40% auto\"><figure class=\"wp-block-media-text__media\" style=\"background-image:url(https:\/\/qth.ee\/wp-content\/uploads\/2024\/05\/Firefly-mechanical-machining-parts-production-for-diverse-applications-59472-1024x1024.jpg);background-position:50% 50%\"><img decoding=\"async\" width=\"1024\" height=\"1024\" src=\"https:\/\/qth.ee\/wp-content\/uploads\/2024\/05\/Firefly-mechanical-machining-parts-production-for-diverse-applications-59472-1024x1024.jpg\" alt=\"\" class=\"wp-image-1358 size-full\" srcset=\"https:\/\/qth.ee\/wp-content\/uploads\/2024\/05\/Firefly-mechanical-machining-parts-production-for-diverse-applications-59472-1024x1024.jpg 1024w, https:\/\/qth.ee\/wp-content\/uploads\/2024\/05\/Firefly-mechanical-machining-parts-production-for-diverse-applications-59472-300x300.jpg 300w, https:\/\/qth.ee\/wp-content\/uploads\/2024\/05\/Firefly-mechanical-machining-parts-production-for-diverse-applications-59472-150x150.jpg 150w, https:\/\/qth.ee\/wp-content\/uploads\/2024\/05\/Firefly-mechanical-machining-parts-production-for-diverse-applications-59472-768x768.jpg 768w, https:\/\/qth.ee\/wp-content\/uploads\/2024\/05\/Firefly-mechanical-machining-parts-production-for-diverse-applications-59472-1536x1536.jpg 1536w, https:\/\/qth.ee\/wp-content\/uploads\/2024\/05\/Firefly-mechanical-machining-parts-production-for-diverse-applications-59472-12x12.jpg 12w, https:\/\/qth.ee\/wp-content\/uploads\/2024\/05\/Firefly-mechanical-machining-parts-production-for-diverse-applications-59472.jpg 2048w\" sizes=\"(max-width: 1024px) 100vw, 1024px\" \/><\/figure><div class=\"wp-block-media-text__content\">\n<div class=\"wp-block-group is-content-justification-left is-layout-constrained wp-container-core-group-is-layout-cdff7eec wp-block-group-is-layout-constrained\" style=\"padding-top:var(--wp--preset--spacing--30);padding-right:0;padding-bottom:var(--wp--preset--spacing--30);padding-left:0\">\n<h3 class=\"wp-block-heading\" style=\"margin-top:12px\"><strong>Mitmesugused rakendused:<\/strong><\/h3>\n\n\n\n<p>Meie tooted leiavad rakendusi erinevates sektorites, sealhulgas:<\/p>\n\n\n\n<ul class=\"wp-block-list\">\n<li><strong><strong>Saekojad:<\/strong> Vastupidavad komponendid puidut\u00f6\u00f6tlemise masinatele.<\/strong>Puidut\u00f6\u00f6tlemine<\/li>\n\n\n\n<li><strong>Toiduainet\u00f6\u00f6stus<\/strong>: Kvaliteetsed detailid toiduainete t\u00f6\u00f6tlemise ja pakendamisseadmete jaoks.<\/li>\n\n\n\n<li><strong>Autot\u00f6\u00f6stus<\/strong>: Usaldusv\u00e4\u00e4rsed komponendid mootors\u00f5idukite tootmiseks ja kokkupanekuks.<\/li>\n\n\n\n<li><strong>Laod<\/strong>: Vastupidavad osad laomasinatele ja erit\u00f6\u00f6riistadele.<\/li>\n<\/ul>\n\n\n\n<p>Kas vajate komponente masinate, seadmete v\u00f5i erivahendite jaoks, meil on oskused ja kogemused, et need valmis toota.<\/p>\n<\/div>\n<\/div><\/div>\n<\/div>\n\n\n\n<div class=\"inherit-container-width wp-block-group alignfull has-background-background-color has-background is-layout-constrained wp-container-core-group-is-layout-7276a2bb wp-block-group-is-layout-constrained\" style=\"margin-top:0;margin-bottom:0;padding-top:var(--wp--preset--spacing--60);padding-right:var(--wp--preset--spacing--30);padding-bottom:var(--wp--preset--spacing--60);padding-left:var(--wp--preset--spacing--30)\">\n<div class=\"wp-block-group alignwide has-tertiary-background-color has-background is-content-justification-space-between is-layout-flex wp-container-core-group-is-layout-4be20cc5 wp-block-group-is-layout-flex\" style=\"padding-top:var(--wp--preset--spacing--50);padding-right:var(--wp--preset--spacing--50);padding-bottom:var(--wp--preset--spacing--50);padding-left:var(--wp--preset--spacing--50)\">\n<div class=\"wp-block-columns is-layout-flex wp-container-core-columns-is-layout-28f84493 wp-block-columns-is-layout-flex\">\n<div class=\"wp-block-column is-layout-flow wp-block-column-is-layout-flow\" style=\"flex-basis:100%\">\n<div class=\"wp-block-group is-layout-constrained wp-block-group-is-layout-constrained\">\n<h3 class=\"wp-block-heading has-large-font-size\"><strong>Mugav tellimine:<\/strong><\/h3>\n\n\n\n<div class=\"wp-block-columns is-layout-flex wp-container-core-columns-is-layout-28f84493 wp-block-columns-is-layout-flex\">\n<div class=\"wp-block-column is-layout-flow wp-block-column-is-layout-flow\">\n<h2 class=\"wp-block-heading has-medium-font-size\"><strong>Operatiivne informatsiooni vahetamine:<\/strong><\/h2>\n\n\n\n<p>Teeme tihedat koost\u00f6\u00f6d oma klientidega, et meie toodang vastaks teie ootustele, tagades t\u00e4ieliku rahulolu.<\/p>\n<\/div>\n\n\n\n<div class=\"wp-block-column is-layout-flow wp-block-column-is-layout-flow\">\n<h2 class=\"wp-block-heading has-medium-font-size\"><strong>Kvaliteedi tagamine:<\/strong><\/h2>\n\n\n\n<p>Ranged kvaliteedikontrollimeetmed igal etapil tagavad, et iga osa vastab n\u00f5udmistele.<\/p>\n<\/div>\n\n\n\n<div class=\"wp-block-column is-layout-flow wp-block-column-is-layout-flow\">\n<h2 class=\"wp-block-heading has-medium-font-size\"><strong>Usaldusv\u00e4\u00e4rsus:<\/strong><\/h2>\n\n\n\n<p>Tihe koost\u00f6\u00f6 meie klientidega ja s\u00fcstematiseeritud kvalikteedikontroll tagavad meie usaldusv\u00e4\u00e4rsuse.<\/p>\n<\/div>\n<\/div>\n<\/div>\n<\/div>\n<\/div>\n\n\n\n<div class=\"wp-block-buttons is-content-justification-left is-layout-flex wp-container-core-buttons-is-layout-82056a45 wp-block-buttons-is-layout-flex\"><\/div>\n<\/div>\n<\/div>","protected":false},"excerpt":{"rendered":"<p>Eritellimusdetailid Individuaalsete mehaaniliste komponentide jaoks kohandatud t\u00e4ppist\u00f6\u00f6tluslahendused. Kasutades kvaliteetseid materjale ja t\u00e4iustatud tehnikat, tagame veatu tulemuse [...]<\/p>","protected":false},"author":1,"featured_media":0,"parent":0,"menu_order":0,"comment_status":"closed","ping_status":"closed","template":"","meta":{"_uag_custom_page_level_css":"","site-sidebar-layout":"default","site-content-layout":"","ast-site-content-layout":"default","site-content-style":"default","site-sidebar-style":"default","ast-global-header-display":"","ast-banner-title-visibility":"","ast-main-header-display":"","ast-hfb-above-header-display":"","ast-hfb-below-header-display":"","ast-hfb-mobile-header-display":"","site-post-title":"disabled","ast-breadcrumbs-content":"","ast-featured-img":"","footer-sml-layout":"","theme-transparent-header-meta":"","adv-header-id-meta":"","stick-header-meta":"","header-above-stick-meta":"","header-main-stick-meta":"","header-below-stick-meta":"","astra-migrate-meta-layouts":"set","ast-page-background-enabled":"default","ast-page-background-meta":{"desktop":{"background-color":"var(--ast-global-color-4)","background-image":"","background-repeat":"repeat","background-position":"center center","background-size":"auto","background-attachment":"scroll","background-type":"","background-media":"","overlay-type":"","overlay-color":"","overlay-opacity":"","overlay-gradient":""},"tablet":{"background-color":"","background-image":"","background-repeat":"repeat","background-position":"center center","background-size":"auto","background-attachment":"scroll","background-type":"","background-media":"","overlay-type":"","overlay-color":"","overlay-opacity":"","overlay-gradient":""},"mobile":{"background-color":"","background-image":"","background-repeat":"repeat","background-position":"center center","background-size":"auto","background-attachment":"scroll","background-type":"","background-media":"","overlay-type":"","overlay-color":"","overlay-opacity":"","overlay-gradient":""}},"ast-content-background-meta":{"desktop":{"background-color":"var(--ast-global-color-5)","background-image":"","background-repeat":"repeat","background-position":"center center","background-size":"auto","background-attachment":"scroll","background-type":"","background-media":"","overlay-type":"","overlay-color":"","overlay-opacity":"","overlay-gradient":""},"tablet":{"background-color":"var(--ast-global-color-5)","background-image":"","background-repeat":"repeat","background-position":"center center","background-size":"auto","background-attachment":"scroll","background-type":"","background-media":"","overlay-type":"","overlay-color":"","overlay-opacity":"","overlay-gradient":""},"mobile":{"background-color":"var(--ast-global-color-5)","background-image":"","background-repeat":"repeat","background-position":"center center","background-size":"auto","background-attachment":"scroll","background-type":"","background-media":"","overlay-type":"","overlay-color":"","overlay-opacity":"","overlay-gradient":""}},"footnotes":""},"class_list":["post-1327","page","type-page","status-publish","hentry"],"uagb_featured_image_src":{"full":false,"thumbnail":false,"medium":false,"medium_large":false,"large":false,"1536x1536":false,"2048x2048":false,"trp-custom-language-flag":false},"uagb_author_info":{"display_name":"admin","author_link":"https:\/\/qth.ee\/et\/author\/admin\/"},"uagb_comment_info":0,"uagb_excerpt":"Custom Parts Tailored precision machining solutions for unique mechanical components. Utilizing high-quality materials and advanced techniques, we ensure flawless results [&hellip;]","_links":{"self":[{"href":"https:\/\/qth.ee\/et\/wp-json\/wp\/v2\/pages\/1327","targetHints":{"allow":["GET"]}}],"collection":[{"href":"https:\/\/qth.ee\/et\/wp-json\/wp\/v2\/pages"}],"about":[{"href":"https:\/\/qth.ee\/et\/wp-json\/wp\/v2\/types\/page"}],"author":[{"embeddable":true,"href":"https:\/\/qth.ee\/et\/wp-json\/wp\/v2\/users\/1"}],"replies":[{"embeddable":true,"href":"https:\/\/qth.ee\/et\/wp-json\/wp\/v2\/comments?post=1327"}],"version-history":[{"count":5,"href":"https:\/\/qth.ee\/et\/wp-json\/wp\/v2\/pages\/1327\/revisions"}],"predecessor-version":[{"id":1656,"href":"https:\/\/qth.ee\/et\/wp-json\/wp\/v2\/pages\/1327\/revisions\/1656"}],"wp:attachment":[{"href":"https:\/\/qth.ee\/et\/wp-json\/wp\/v2\/media?parent=1327"}],"curies":[{"name":"wp","href":"https:\/\/api.w.org\/{rel}","templated":true}]}}