{"id":1380,"date":"2024-05-13T21:01:39","date_gmt":"2024-05-13T21:01:39","guid":{"rendered":"https:\/\/qth.ee\/?page_id=1380"},"modified":"2024-05-17T08:29:41","modified_gmt":"2024-05-17T08:29:41","slug":"automation-and-industrial-robotics","status":"publish","type":"page","link":"https:\/\/qth.ee\/et\/automation-and-industrial-robotics\/","title":{"rendered":"Automaatika ja t\u00f6\u00f6stusrobotid"},"content":{"rendered":"<div class=\"wp-block-cover alignfull has-custom-content-position is-position-bottom-center ext-import\" style=\"padding-right:var(--wp--preset--spacing--30);padding-left:var(--wp--preset--spacing--30);min-height:80vh;aspect-ratio:unset;\"><span aria-hidden=\"true\" class=\"wp-block-cover__background has-black-background-color has-background-dim-60 has-background-dim\"><\/span><img fetchpriority=\"high\" decoding=\"async\" width=\"2500\" height=\"1667\" class=\"wp-block-cover__image-background wp-image-1381\" alt=\"\" src=\"https:\/\/qth.ee\/wp-content\/uploads\/2024\/05\/kuka-1.jpeg\" data-object-fit=\"cover\" srcset=\"https:\/\/qth.ee\/wp-content\/uploads\/2024\/05\/kuka-1.jpeg 2500w, https:\/\/qth.ee\/wp-content\/uploads\/2024\/05\/kuka-1-300x200.jpeg 300w, https:\/\/qth.ee\/wp-content\/uploads\/2024\/05\/kuka-1-1024x683.jpeg 1024w, https:\/\/qth.ee\/wp-content\/uploads\/2024\/05\/kuka-1-768x512.jpeg 768w, https:\/\/qth.ee\/wp-content\/uploads\/2024\/05\/kuka-1-1536x1024.jpeg 1536w, https:\/\/qth.ee\/wp-content\/uploads\/2024\/05\/kuka-1-2048x1366.jpeg 2048w, https:\/\/qth.ee\/wp-content\/uploads\/2024\/05\/kuka-1-18x12.jpeg 18w\" sizes=\"(max-width: 2500px) 100vw, 2500px\" \/><div class=\"wp-block-cover__inner-container is-layout-flow wp-block-cover-is-layout-flow\">\n<div class=\"wp-block-group is-layout-constrained wp-block-group-is-layout-constrained\" style=\"padding-top:var(--wp--preset--spacing--40);padding-bottom:var(--wp--preset--spacing--60)\">\n<div class=\"wp-block-columns alignwide is-layout-flex wp-container-core-columns-is-layout-9503679e wp-block-columns-is-layout-flex\">\n<div class=\"wp-block-column is-layout-flow wp-block-column-is-layout-flow\" style=\"flex-basis:60%\">\n<h1 class=\"wp-block-heading has-text-align-left has-white-color has-text-color\">Automaatika ja t\u00f6\u00f6stusrobotid<\/h1>\n<\/div>\n\n\n\n<div class=\"wp-block-column is-layout-flow wp-block-column-is-layout-flow\" style=\"flex-basis:40%\">\n<p class=\"has-text-align-left has-white-color has-text-color\" style=\"padding-top:var(--wp--preset--spacing--30)\">Robotite kasutuselev\u00f5tt v\u00e4hendab kulusid ja suurendab t\u00f5husust.<\/p>\n\n\n\n<div class=\"wp-block-buttons is-content-justification-left is-layout-flex wp-container-core-buttons-is-layout-3535db69 wp-block-buttons-is-layout-flex\" style=\"margin-top:var(--wp--preset--spacing--30)\">\n<div class=\"wp-block-button has-custom-font-size has-small-font-size\"><a class=\"wp-block-button__link wp-element-button\">K\u00fcsi pakkumist<\/a><\/div>\n<\/div>\n<\/div>\n<\/div>\n<\/div>\n<\/div><\/div>\n\n\n\n<div class=\"wp-block-group alignfull has-background-background-color has-background is-layout-constrained wp-container-core-group-is-layout-28549256 wp-block-group-is-layout-constrained\" style=\"margin-top:0;margin-bottom:0;padding-top:var(--wp--preset--spacing--60);padding-right:var(--wp--preset--spacing--30);padding-bottom:var(--wp--preset--spacing--60);padding-left:var(--wp--preset--spacing--30)\">\n<div class=\"wp-block-group alignwide is-content-justification-center is-layout-constrained wp-block-group-is-layout-constrained\">\n<h2 class=\"wp-block-heading has-text-align-center\">Automaatika ja t\u00f6\u00f6stusrobotid<\/h2>\n\n\n\n<p>Robotite integreerimine tootmisesse ei pea olema keeruline. Meie eksperdid juhendavad teid kogu protsessi v\u00e4ltel, alates n\u00f5ustamisest kuni robotite integreerimiseni. Automatiseerides korduvaid \u00fclesandeid ja optimeerides t\u00f6\u00f6vooge, saavutate m\u00e4rkimisv\u00e4\u00e4rse kulude kokkuhoiu ja tootlikkuse kasvu.<\/p>\n\n\n\n<ul class=\"wp-block-list\">\n<li><\/li>\n<\/ul>\n\n\n\n<div class=\"wp-block-columns is-layout-flex wp-container-core-columns-is-layout-28f84493 wp-block-columns-is-layout-flex\">\n<div class=\"wp-block-column is-layout-flow wp-block-column-is-layout-flow\" style=\"flex-basis:100%\">\n<div class=\"wp-block-uagb-container uagb-block-a2142dec alignfull uagb-is-root-container\"><div class=\"uagb-container-inner-blocks-wrap\">\n<div class=\"wp-block-columns alignwide are-vertically-aligned-center is-layout-flex wp-container-core-columns-is-layout-9effc7d7 wp-block-columns-is-layout-flex\">\n<div class=\"wp-block-column is-vertically-aligned-center is-layout-flow wp-block-column-is-layout-flow\">\n<h3 class=\"wp-block-heading\">Meie lahendused:<\/h3>\n\n\n\n<ul class=\"wp-block-list\">\n<li><strong>T\u00f6\u00f6stusrobotid<\/strong>: Suur, kiire ja v\u00f5imeline korduvalt t\u00e4itma keerulisi \u00fclesandeid suure koormuse all. Need robotid suurendavad tootlikkust ja tagavad j\u00e4rjepideva j\u00f5udluse n\u00f5udlikes keskkondades.<\/li>\n\n\n\n<li><strong>Koost\u00f6\u00f6robotid<\/strong>: V\u00e4ikesed ja kavandatud t\u00f6\u00f6tama ohutult inimeste l\u00e4heduses. Need robotid pakuvad paindlikkust inimese ja roboti koost\u00f6\u00f6l erinevate \u00fclesannete korral.<\/li>\n\n\n\n<li><strong>Logistika robotid<\/strong>: Autonoomne kaupade transportimine tehases, mis parandab t\u00f5husust ja v\u00e4hendab k\u00e4sitsit\u00f6\u00f6d. Need robotid t\u00f5hustavad sisemist logistikat ja tagavad materjalide \u00f5igeaegse liikumise.<\/li>\n\n\n\n<li><strong>Automatiseerimine<\/strong>: Tootmisprotsesside automatiseerimine t\u00f5hususe suurendamiseks ja kulude v\u00e4hendamiseks. Meie automatiseerimislahendused optimeerivad t\u00f6\u00f6protsesse ja parandavad \u00fcldist tootlikkust.<\/li>\n\n\n\n<li><strong>Robotite t\u00f6\u00f6riistade lahenduste v\u00e4ljat\u00f6\u00f6tamine ja tootmine<\/strong>: Robotile t\u00f6\u00f6riistade projekteerimine ja tootmine. Meie lahendused suurendavad teie robots\u00fcsteemide mitmek\u00fclgsust ja funktsionaalsust.<\/li>\n\n\n\n<li><strong>Masinn\u00e4gemine<\/strong>: Muutuvate objektide adaptiivne tuvastamine tagab autonoomse t\u00f6\u00f6. Meie masinn\u00e4gemistehnoloogia lahendused tagavad t\u00e4pse ja usaldusv\u00e4\u00e4rse objektide tuvastamise automatiseeritud protsesside jaoks.<\/li>\n<\/ul>\n\n\n\n<div class=\"wp-block-buttons is-layout-flex wp-container-core-buttons-is-layout-12dcd427 wp-block-buttons-is-layout-flex\" style=\"margin-top:var(--wp--preset--spacing--40)\">\n<div class=\"wp-block-button\"><a class=\"wp-block-button__link wp-element-button\">K\u00fcsi pakkumist<\/a><\/div>\n<\/div>\n<\/div>\n\n\n\n<div class=\"wp-block-column is-vertically-aligned-center is-layout-flow wp-block-column-is-layout-flow\">\n<figure class=\"wp-block-image size-large is-resized ext-import\"><img decoding=\"async\" width=\"1073\" height=\"1073\" src=\"https:\/\/qth.ee\/wp-content\/uploads\/2024\/05\/Firefly-automatic-factory-line-on-blank-background-12307-1-edited.jpg\" alt=\"\" class=\"wp-image-1486\" style=\"object-fit:cover;width:575px;height:auto\" srcset=\"https:\/\/qth.ee\/wp-content\/uploads\/2024\/05\/Firefly-automatic-factory-line-on-blank-background-12307-1-edited.jpg 1073w, https:\/\/qth.ee\/wp-content\/uploads\/2024\/05\/Firefly-automatic-factory-line-on-blank-background-12307-1-edited-300x300.jpg 300w, https:\/\/qth.ee\/wp-content\/uploads\/2024\/05\/Firefly-automatic-factory-line-on-blank-background-12307-1-edited-1024x1024.jpg 1024w, https:\/\/qth.ee\/wp-content\/uploads\/2024\/05\/Firefly-automatic-factory-line-on-blank-background-12307-1-edited-150x150.jpg 150w, https:\/\/qth.ee\/wp-content\/uploads\/2024\/05\/Firefly-automatic-factory-line-on-blank-background-12307-1-edited-768x768.jpg 768w, https:\/\/qth.ee\/wp-content\/uploads\/2024\/05\/Firefly-automatic-factory-line-on-blank-background-12307-1-edited-12x12.jpg 12w\" sizes=\"(max-width: 1073px) 100vw, 1073px\" \/><\/figure>\n<\/div>\n<\/div>\n<\/div><\/div>\n<\/div>\n<\/div>\n<\/div>\n<\/div>\n\n\n\n<div class=\"inherit-container-width wp-block-group alignfull has-background-background-color has-background is-layout-constrained wp-container-core-group-is-layout-254d6575 wp-block-group-is-layout-constrained\" style=\"margin-top:0;margin-bottom:0;padding-top:var(--wp--preset--spacing--60);padding-right:var(--wp--preset--spacing--30);padding-bottom:var(--wp--preset--spacing--60);padding-left:var(--wp--preset--spacing--30)\">\n<div class=\"wp-block-group alignwide is-content-justification-left is-layout-constrained wp-container-core-group-is-layout-3c97d49d wp-block-group-is-layout-constrained\" style=\"margin-bottom:var(--wp--preset--spacing--50)\">\n<h2 class=\"wp-block-heading has-text-align-left\">Protot\u00fc\u00fcpimine<\/h2>\n\n\n\n<p class=\"has-text-align-left\" style=\"margin-top:16px\">Pakume protot\u00fc\u00fcpimise teenust ja innovaatiliste automatiseerimislahenduste testimist kohapeal. Meie ekspertiis tagab, et teie kontseptsioonid viiakse ellu t\u00e4pselt, v\u00f5imaldades teil uusi ideid katsetada ja t\u00e4iustada enne nende t\u00e4ielikku rakendamist reaalses keskkonnas.<\/p>\n<\/div>\n\n\n\n<div class=\"wp-block-columns alignwide is-layout-flex wp-container-core-columns-is-layout-28f84493 wp-block-columns-is-layout-flex\">\n<div class=\"wp-block-column is-layout-flow wp-block-column-is-layout-flow\">\n<div class=\"wp-block-cover has-custom-content-position is-position-bottom-left ext-import\" style=\"padding-top:var(--wp--preset--spacing--40);padding-right:var(--wp--preset--spacing--30);padding-bottom:var(--wp--preset--spacing--40);padding-left:var(--wp--preset--spacing--30);min-height:500px;aspect-ratio:unset;\"><span aria-hidden=\"true\" class=\"wp-block-cover__background has-black-background-color has-background-dim-30 has-background-dim\"><\/span><img decoding=\"async\" width=\"1707\" height=\"2560\" class=\"wp-block-cover__image-background wp-image-1424\" alt=\"\" src=\"https:\/\/qth.ee\/wp-content\/uploads\/2024\/05\/IMG_9978-copy-scaled.jpg\" data-object-fit=\"cover\" srcset=\"https:\/\/qth.ee\/wp-content\/uploads\/2024\/05\/IMG_9978-copy-scaled.jpg 1707w, https:\/\/qth.ee\/wp-content\/uploads\/2024\/05\/IMG_9978-copy-200x300.jpg 200w, https:\/\/qth.ee\/wp-content\/uploads\/2024\/05\/IMG_9978-copy-683x1024.jpg 683w, https:\/\/qth.ee\/wp-content\/uploads\/2024\/05\/IMG_9978-copy-768x1152.jpg 768w, https:\/\/qth.ee\/wp-content\/uploads\/2024\/05\/IMG_9978-copy-1024x1536.jpg 1024w, https:\/\/qth.ee\/wp-content\/uploads\/2024\/05\/IMG_9978-copy-1365x2048.jpg 1365w, https:\/\/qth.ee\/wp-content\/uploads\/2024\/05\/IMG_9978-copy-8x12.jpg 8w\" sizes=\"(max-width: 1707px) 100vw, 1707px\" \/><div class=\"wp-block-cover__inner-container is-layout-flow wp-block-cover-is-layout-flow\">\n<h3 class=\"wp-block-heading has-white-color has-text-color has-medium-font-size\" style=\"margin-top:12px\">Leiame koos Teiega parima lahenduse!<\/h3>\n\n\n\n<div class=\"wp-block-group is-layout-constrained wp-block-group-is-layout-constrained\">\n<h4 class=\"wp-block-heading has-white-color has-text-color has-small-font-size\" style=\"margin-top:24px;font-style:normal;font-weight:400\">Iga ettev\u00f5te on ainulaadne, nii on ka lahendused. Teeme teiega tihedat koost\u00f6\u00f6d ja kohandame masinad spetsiaalselt teie vajadustele.  <\/h4>\n<\/div>\n<\/div><\/div>\n\n\n\n<div class=\"wp-block-cover has-custom-content-position is-position-bottom-left ext-import\" style=\"padding-top:var(--wp--preset--spacing--40);padding-right:var(--wp--preset--spacing--30);padding-bottom:var(--wp--preset--spacing--40);padding-left:var(--wp--preset--spacing--30);min-height:209px;aspect-ratio:unset;\"><span aria-hidden=\"true\" class=\"wp-block-cover__background has-black-background-color has-background-dim-30 has-background-dim\"><\/span><img loading=\"lazy\" decoding=\"async\" width=\"1707\" height=\"2560\" class=\"wp-block-cover__image-background wp-image-1428\" alt=\"\" src=\"https:\/\/qth.ee\/wp-content\/uploads\/2024\/05\/IMG_9919-copy-scaled.jpg\" data-object-fit=\"cover\" srcset=\"https:\/\/qth.ee\/wp-content\/uploads\/2024\/05\/IMG_9919-copy-scaled.jpg 1707w, https:\/\/qth.ee\/wp-content\/uploads\/2024\/05\/IMG_9919-copy-200x300.jpg 200w, https:\/\/qth.ee\/wp-content\/uploads\/2024\/05\/IMG_9919-copy-683x1024.jpg 683w, https:\/\/qth.ee\/wp-content\/uploads\/2024\/05\/IMG_9919-copy-768x1152.jpg 768w, https:\/\/qth.ee\/wp-content\/uploads\/2024\/05\/IMG_9919-copy-1024x1536.jpg 1024w, https:\/\/qth.ee\/wp-content\/uploads\/2024\/05\/IMG_9919-copy-1365x2048.jpg 1365w, https:\/\/qth.ee\/wp-content\/uploads\/2024\/05\/IMG_9919-copy-8x12.jpg 8w\" sizes=\"(max-width: 1707px) 100vw, 1707px\" \/><div class=\"wp-block-cover__inner-container is-layout-flow wp-block-cover-is-layout-flow\">\n<div class=\"wp-block-group is-layout-constrained wp-block-group-is-layout-constrained\">\n<h1 class=\"wp-block-heading has-white-color has-text-color has-medium-font-size\" style=\"margin-top:12px\">Integreerige oma seadmetega<\/h1>\n\n\n\n<h2 class=\"wp-block-heading has-white-color has-text-color has-small-font-size\" style=\"margin-top:24px;font-style:normal;font-weight:400\">Meie automatiseerimislahendused integreeruvad teie seadmetega, et maksimeerida investeeringu tasuvust.<\/h2>\n<\/div>\n<\/div><\/div>\n<\/div>\n\n\n\n<div class=\"wp-block-column is-layout-flow wp-block-column-is-layout-flow\">\n<div class=\"wp-block-cover is-light has-custom-content-position is-position-bottom-left ext-import\" style=\"padding-top:var(--wp--preset--spacing--40);padding-right:var(--wp--preset--spacing--30);padding-bottom:var(--wp--preset--spacing--40);padding-left:var(--wp--preset--spacing--30);min-height:734px;aspect-ratio:unset;\"><span aria-hidden=\"true\" class=\"wp-block-cover__background has-black-background-color has-background-dim-30 has-background-dim\"><\/span><img loading=\"lazy\" decoding=\"async\" width=\"1707\" height=\"2560\" class=\"wp-block-cover__image-background wp-image-1427\" alt=\"\" src=\"https:\/\/qth.ee\/wp-content\/uploads\/2024\/05\/IMG_9987-copy-2-scaled.jpg\" data-object-fit=\"cover\" srcset=\"https:\/\/qth.ee\/wp-content\/uploads\/2024\/05\/IMG_9987-copy-2-scaled.jpg 1707w, https:\/\/qth.ee\/wp-content\/uploads\/2024\/05\/IMG_9987-copy-2-200x300.jpg 200w, https:\/\/qth.ee\/wp-content\/uploads\/2024\/05\/IMG_9987-copy-2-683x1024.jpg 683w, https:\/\/qth.ee\/wp-content\/uploads\/2024\/05\/IMG_9987-copy-2-768x1152.jpg 768w, https:\/\/qth.ee\/wp-content\/uploads\/2024\/05\/IMG_9987-copy-2-1024x1536.jpg 1024w, https:\/\/qth.ee\/wp-content\/uploads\/2024\/05\/IMG_9987-copy-2-1366x2048.jpg 1366w, https:\/\/qth.ee\/wp-content\/uploads\/2024\/05\/IMG_9987-copy-2-8x12.jpg 8w\" sizes=\"(max-width: 1707px) 100vw, 1707px\" \/><div class=\"wp-block-cover__inner-container is-layout-flow wp-block-cover-is-layout-flow\">\n<h3 class=\"wp-block-heading has-white-color has-text-color has-medium-font-size\" style=\"margin-top:12px\">Vajaduse korral kohapealne paigaldus ja testimine<\/h3>\n\n\n\n<div class=\"wp-block-group is-layout-constrained wp-block-group-is-layout-constrained\">\n<h4 class=\"wp-block-heading has-white-color has-text-color has-small-font-size\" style=\"margin-top:24px;font-style:normal;font-weight:400\">Me ei ehita lihtsalt masinaid, me loome lahendusi. Testime seadmeid koos Teie personaliga, sest koost\u00f6\u00f6tades saavutame maksimaalse funktsionaalsuse ja effektiivsuse.<\/h4>\n<\/div>\n<\/div><\/div>\n<\/div>\n<\/div>\n\n\n\n<div class=\"wp-block-columns alignwide is-layout-flex wp-container-core-columns-is-layout-28f84493 wp-block-columns-is-layout-flex\">\n<div class=\"wp-block-column is-layout-flow wp-block-column-is-layout-flow\"><\/div>\n<\/div>\n<\/div>","protected":false},"excerpt":{"rendered":"<p>Automaatika ja t\u00f6\u00f6stusrobotid Oleme p\u00fchendunud sellele, et aidata teil suurendada t\u00f5husust ja v\u00e4hendada kulusid t\u00e4iustatud [...]<\/p>","protected":false},"author":1,"featured_media":0,"parent":0,"menu_order":0,"comment_status":"closed","ping_status":"closed","template":"","meta":{"_uag_custom_page_level_css":"","site-sidebar-layout":"default","site-content-layout":"","ast-site-content-layout":"default","site-content-style":"default","site-sidebar-style":"default","ast-global-header-display":"","ast-banner-title-visibility":"","ast-main-header-display":"","ast-hfb-above-header-display":"","ast-hfb-below-header-display":"","ast-hfb-mobile-header-display":"","site-post-title":"disabled","ast-breadcrumbs-content":"","ast-featured-img":"","footer-sml-layout":"","theme-transparent-header-meta":"","adv-header-id-meta":"","stick-header-meta":"","header-above-stick-meta":"","header-main-stick-meta":"","header-below-stick-meta":"","astra-migrate-meta-layouts":"set","ast-page-background-enabled":"default","ast-page-background-meta":{"desktop":{"background-color":"var(--ast-global-color-4)","background-image":"","background-repeat":"repeat","background-position":"center center","background-size":"auto","background-attachment":"scroll","background-type":"","background-media":"","overlay-type":"","overlay-color":"","overlay-opacity":"","overlay-gradient":""},"tablet":{"background-color":"","background-image":"","background-repeat":"repeat","background-position":"center center","background-size":"auto","background-attachment":"scroll","background-type":"","background-media":"","overlay-type":"","overlay-color":"","overlay-opacity":"","overlay-gradient":""},"mobile":{"background-color":"","background-image":"","background-repeat":"repeat","background-position":"center center","background-size":"auto","background-attachment":"scroll","background-type":"","background-media":"","overlay-type":"","overlay-color":"","overlay-opacity":"","overlay-gradient":""}},"ast-content-background-meta":{"desktop":{"background-color":"var(--ast-global-color-5)","background-image":"","background-repeat":"repeat","background-position":"center center","background-size":"auto","background-attachment":"scroll","background-type":"","background-media":"","overlay-type":"","overlay-color":"","overlay-opacity":"","overlay-gradient":""},"tablet":{"background-color":"var(--ast-global-color-5)","background-image":"","background-repeat":"repeat","background-position":"center center","background-size":"auto","background-attachment":"scroll","background-type":"","background-media":"","overlay-type":"","overlay-color":"","overlay-opacity":"","overlay-gradient":""},"mobile":{"background-color":"var(--ast-global-color-5)","background-image":"","background-repeat":"repeat","background-position":"center center","background-size":"auto","background-attachment":"scroll","background-type":"","background-media":"","overlay-type":"","overlay-color":"","overlay-opacity":"","overlay-gradient":""}},"footnotes":""},"class_list":["post-1380","page","type-page","status-publish","hentry"],"uagb_featured_image_src":{"full":false,"thumbnail":false,"medium":false,"medium_large":false,"large":false,"1536x1536":false,"2048x2048":false,"trp-custom-language-flag":false},"uagb_author_info":{"display_name":"admin","author_link":"https:\/\/qth.ee\/et\/author\/admin\/"},"uagb_comment_info":0,"uagb_excerpt":"Automation and Industrial Robotics We are dedicated to helping you enhance efficiency and reduce costs through the implementation of advanced [&hellip;]","_links":{"self":[{"href":"https:\/\/qth.ee\/et\/wp-json\/wp\/v2\/pages\/1380","targetHints":{"allow":["GET"]}}],"collection":[{"href":"https:\/\/qth.ee\/et\/wp-json\/wp\/v2\/pages"}],"about":[{"href":"https:\/\/qth.ee\/et\/wp-json\/wp\/v2\/types\/page"}],"author":[{"embeddable":true,"href":"https:\/\/qth.ee\/et\/wp-json\/wp\/v2\/users\/1"}],"replies":[{"embeddable":true,"href":"https:\/\/qth.ee\/et\/wp-json\/wp\/v2\/comments?post=1380"}],"version-history":[{"count":5,"href":"https:\/\/qth.ee\/et\/wp-json\/wp\/v2\/pages\/1380\/revisions"}],"predecessor-version":[{"id":1568,"href":"https:\/\/qth.ee\/et\/wp-json\/wp\/v2\/pages\/1380\/revisions\/1568"}],"wp:attachment":[{"href":"https:\/\/qth.ee\/et\/wp-json\/wp\/v2\/media?parent=1380"}],"curies":[{"name":"wp","href":"https:\/\/api.w.org\/{rel}","templated":true}]}}