{"id":1441,"date":"2024-05-14T04:43:16","date_gmt":"2024-05-14T04:43:16","guid":{"rendered":"https:\/\/qth.ee\/?page_id=1441"},"modified":"2024-05-21T23:33:45","modified_gmt":"2024-05-21T23:33:45","slug":"machine-park","status":"publish","type":"page","link":"https:\/\/qth.ee\/et\/machine-park\/","title":{"rendered":"Masinapark"},"content":{"rendered":"<div class=\"wp-block-cover alignfull has-custom-content-position is-position-bottom-center ext-import\" style=\"padding-right:var(--wp--preset--spacing--30);padding-left:var(--wp--preset--spacing--30);min-height:387px;aspect-ratio:unset;\"><span aria-hidden=\"true\" class=\"wp-block-cover__background has-black-background-color has-background-dim-60 has-background-dim\"><\/span><img fetchpriority=\"high\" decoding=\"async\" width=\"2560\" height=\"1435\" class=\"wp-block-cover__image-background wp-image-1442\" alt=\"\" src=\"https:\/\/qth.ee\/wp-content\/uploads\/2024\/05\/parts1-3-scaled.jpeg\" data-object-fit=\"cover\" srcset=\"https:\/\/qth.ee\/wp-content\/uploads\/2024\/05\/parts1-3-scaled.jpeg 2560w, https:\/\/qth.ee\/wp-content\/uploads\/2024\/05\/parts1-3-300x168.jpeg 300w, https:\/\/qth.ee\/wp-content\/uploads\/2024\/05\/parts1-3-1024x574.jpeg 1024w, https:\/\/qth.ee\/wp-content\/uploads\/2024\/05\/parts1-3-768x430.jpeg 768w, https:\/\/qth.ee\/wp-content\/uploads\/2024\/05\/parts1-3-1536x861.jpeg 1536w, https:\/\/qth.ee\/wp-content\/uploads\/2024\/05\/parts1-3-2048x1148.jpeg 2048w, https:\/\/qth.ee\/wp-content\/uploads\/2024\/05\/parts1-3-18x10.jpeg 18w\" sizes=\"(max-width: 2560px) 100vw, 2560px\" \/><div class=\"wp-block-cover__inner-container is-layout-flow wp-block-cover-is-layout-flow\">\n<div class=\"wp-block-group is-layout-constrained wp-block-group-is-layout-constrained\" style=\"padding-top:var(--wp--preset--spacing--40);padding-bottom:var(--wp--preset--spacing--60)\">\n<div class=\"wp-block-columns alignwide is-layout-flex wp-container-core-columns-is-layout-9503679e wp-block-columns-is-layout-flex\">\n<div class=\"wp-block-column is-layout-flow wp-block-column-is-layout-flow\" style=\"flex-basis:60%\">\n<h1 class=\"wp-block-heading has-text-align-left has-white-color has-text-color\">Masinapark<\/h1>\n<\/div>\n\n\n\n<div class=\"wp-block-column is-layout-flow wp-block-column-is-layout-flow\" style=\"flex-basis:40%\">\n<p class=\"has-text-align-left has-white-color has-text-color\" style=\"padding-top:var(--wp--preset--spacing--30)\"><strong>QTH mitmek\u00fclgne masinapark ja oskuslik meeskond v\u00f5imaldavad erineva keerukusastme ja m\u00f5\u00f5tmetga detalide toota. \u00d5mblusmasinatest palgisorteerimis liinideni.<\/strong><\/p>\n<\/div>\n<\/div>\n<\/div>\n<\/div><\/div>\n\n\n\n<div class=\"inherit-container-width wp-block-group alignfull has-background-background-color has-background is-layout-constrained wp-container-core-group-is-layout-7276a2bb wp-block-group-is-layout-constrained\" style=\"margin-top:0;margin-bottom:0;padding-top:var(--wp--preset--spacing--60);padding-right:var(--wp--preset--spacing--30);padding-bottom:var(--wp--preset--spacing--60);padding-left:var(--wp--preset--spacing--30)\">\n<div class=\"wp-block-group alignwide is-content-justification-center is-layout-constrained wp-block-group-is-layout-constrained\">\n<h2 class=\"wp-block-heading has-text-align-center\">Meie masinapark:<\/h2>\n\n\n\n<p class=\"has-text-align-center\" style=\"margin-top:16px\"><\/p>\n<\/div>\n\n\n\n<div class=\"wp-block-columns alignwide is-layout-flex wp-container-core-columns-is-layout-5b525043 wp-block-columns-is-layout-flex\">\n<div class=\"wp-block-column is-layout-flow wp-block-column-is-layout-flow\">\n<figure class=\"wp-block-image size-full ext-aspect-landscape ext-import\"><img decoding=\"async\" width=\"1024\" height=\"682\" src=\"https:\/\/qth.ee\/wp-content\/uploads\/2024\/05\/milling.jpeg\" alt=\"\" class=\"wp-image-1443\" style=\"aspect-ratio:3\/2;object-fit:cover\" srcset=\"https:\/\/qth.ee\/wp-content\/uploads\/2024\/05\/milling.jpeg 1024w, https:\/\/qth.ee\/wp-content\/uploads\/2024\/05\/milling-300x200.jpeg 300w, https:\/\/qth.ee\/wp-content\/uploads\/2024\/05\/milling-768x512.jpeg 768w, https:\/\/qth.ee\/wp-content\/uploads\/2024\/05\/milling-18x12.jpeg 18w\" sizes=\"(max-width: 1024px) 100vw, 1024px\" \/><\/figure>\n\n\n\n<h3 class=\"wp-block-heading has-text-align-center\" style=\"margin-top:24px;font-size:20px;line-height:1.5\"><strong>Freesimist\u00f6\u00f6d<\/strong><\/h3>\n\n\n\n<p class=\"has-text-align-center has-small-font-size\" style=\"margin-top:8px\">Tootmine CNC- ja universaalpinkidega. Me t\u00f6\u00f6tleme kuni 6 meetri pikkuseid detaile.<\/p>\n<\/div>\n\n\n\n<div class=\"wp-block-column is-layout-flow wp-block-column-is-layout-flow\">\n<figure class=\"wp-block-image size-full ext-aspect-landscape ext-import\"><img decoding=\"async\" width=\"1024\" height=\"682\" src=\"https:\/\/qth.ee\/wp-content\/uploads\/2024\/05\/turning.jpeg\" alt=\"\" class=\"wp-image-1444\" style=\"aspect-ratio:3\/2;object-fit:cover\" srcset=\"https:\/\/qth.ee\/wp-content\/uploads\/2024\/05\/turning.jpeg 1024w, https:\/\/qth.ee\/wp-content\/uploads\/2024\/05\/turning-300x200.jpeg 300w, https:\/\/qth.ee\/wp-content\/uploads\/2024\/05\/turning-768x512.jpeg 768w, https:\/\/qth.ee\/wp-content\/uploads\/2024\/05\/turning-18x12.jpeg 18w\" sizes=\"(max-width: 1024px) 100vw, 1024px\" \/><\/figure>\n\n\n\n<h3 class=\"wp-block-heading has-text-align-center\" style=\"margin-top:24px;font-size:20px;line-height:1.5\"><strong>Treit\u00f6\u00f6d<\/strong><\/h3>\n\n\n\n<p class=\"has-text-align-center has-small-font-size\" style=\"margin-top:8px\">Tootmine CNC-ja universaalpinkidega. Me t\u00f6\u00f6tleme kuni 6,5 meetri pikkuseid detaile.<\/p>\n<\/div>\n\n\n\n<div class=\"wp-block-column is-layout-flow wp-block-column-is-layout-flow\">\n<figure class=\"wp-block-image size-full ext-aspect-landscape ext-import\"><img loading=\"lazy\" decoding=\"async\" width=\"1024\" height=\"682\" src=\"https:\/\/qth.ee\/wp-content\/uploads\/2024\/05\/grinding-1.jpeg\" alt=\"\" class=\"wp-image-1445\" style=\"aspect-ratio:3\/2;object-fit:cover\" srcset=\"https:\/\/qth.ee\/wp-content\/uploads\/2024\/05\/grinding-1.jpeg 1024w, https:\/\/qth.ee\/wp-content\/uploads\/2024\/05\/grinding-1-300x200.jpeg 300w, https:\/\/qth.ee\/wp-content\/uploads\/2024\/05\/grinding-1-768x512.jpeg 768w, https:\/\/qth.ee\/wp-content\/uploads\/2024\/05\/grinding-1-18x12.jpeg 18w\" sizes=\"(max-width: 1024px) 100vw, 1024px\" \/><\/figure>\n\n\n\n<h3 class=\"wp-block-heading has-text-align-center\" style=\"margin-top:24px;font-size:20px;line-height:1.5\"><strong>Tasaparalleel lihvimine<\/strong><\/h3>\n\n\n\n<p class=\"has-text-align-center has-small-font-size\" style=\"margin-top:8px\">Me t\u00f6\u00f6tleme kuni 1 meetri pikkuseid detaile, tagades teie komponentide t\u00e4pse ja kvaliteetse viimistluse.<\/p>\n<\/div>\n<\/div>\n<\/div>\n\n\n\n<div class=\"inherit-container-width wp-block-group alignfull has-background-background-color has-background is-layout-constrained wp-container-core-group-is-layout-7276a2bb wp-block-group-is-layout-constrained\" style=\"margin-top:0;margin-bottom:0;padding-top:var(--wp--preset--spacing--60);padding-right:var(--wp--preset--spacing--30);padding-bottom:var(--wp--preset--spacing--60);padding-left:var(--wp--preset--spacing--30)\">\n<div class=\"wp-block-columns alignwide is-layout-flex wp-container-core-columns-is-layout-5b525043 wp-block-columns-is-layout-flex\">\n<div class=\"wp-block-column is-layout-flow wp-block-column-is-layout-flow\">\n<figure class=\"wp-block-image size-full ext-aspect-landscape ext-import\"><img loading=\"lazy\" decoding=\"async\" width=\"1024\" height=\"682\" src=\"https:\/\/qth.ee\/wp-content\/uploads\/2024\/05\/blast.jpeg\" alt=\"\" class=\"wp-image-1446\" style=\"aspect-ratio:3\/2;object-fit:cover\" srcset=\"https:\/\/qth.ee\/wp-content\/uploads\/2024\/05\/blast.jpeg 1024w, https:\/\/qth.ee\/wp-content\/uploads\/2024\/05\/blast-300x200.jpeg 300w, https:\/\/qth.ee\/wp-content\/uploads\/2024\/05\/blast-768x512.jpeg 768w, https:\/\/qth.ee\/wp-content\/uploads\/2024\/05\/blast-18x12.jpeg 18w\" sizes=\"(max-width: 1024px) 100vw, 1024px\" \/><\/figure>\n\n\n\n<h3 class=\"wp-block-heading has-text-align-center\" style=\"margin-top:24px;font-size:20px;line-height:1.5\"><strong><strong>Haaveldamine<\/strong><\/strong><\/h3>\n\n\n\n<p class=\"has-text-align-center has-small-font-size\" style=\"margin-top:8px\">Meie kaasaegne 3 meetri x 10 meetri suurune Haavelduskamber tagab erinevate komponentide t\u00f5husa ja p\u00f5hjaliku pinnat\u00f6\u00f6tluse.<\/p>\n<\/div>\n\n\n\n<div class=\"wp-block-column is-layout-flow wp-block-column-is-layout-flow\">\n<figure class=\"wp-block-image size-full ext-aspect-landscape ext-import\"><img loading=\"lazy\" decoding=\"async\" width=\"1024\" height=\"677\" src=\"https:\/\/qth.ee\/wp-content\/uploads\/2024\/05\/paint.jpeg\" alt=\"\" class=\"wp-image-1447\" style=\"aspect-ratio:3\/2;object-fit:cover\" srcset=\"https:\/\/qth.ee\/wp-content\/uploads\/2024\/05\/paint.jpeg 1024w, https:\/\/qth.ee\/wp-content\/uploads\/2024\/05\/paint-300x198.jpeg 300w, https:\/\/qth.ee\/wp-content\/uploads\/2024\/05\/paint-768x508.jpeg 768w, https:\/\/qth.ee\/wp-content\/uploads\/2024\/05\/paint-18x12.jpeg 18w\" sizes=\"(max-width: 1024px) 100vw, 1024px\" \/><\/figure>\n\n\n\n<h3 class=\"wp-block-heading has-text-align-center\" style=\"margin-top:24px;font-size:20px;line-height:1.5\"><strong><strong>T\u00f6\u00f6stuslik v\u00e4rvimine<\/strong><\/strong><\/h3>\n\n\n\n<p class=\"has-text-align-center has-small-font-size\" style=\"margin-top:8px\">V\u00e4rvimiskamber, mille m\u00f5\u00f5tmed on 3 meetrit x 9 meetrit, v\u00f5imaldab t\u00e4pset ja kvaliteetset v\u00e4rvimist. Tagame teie komponentide suurep\u00e4rase katvuse ja vastupidava viimistluse.<\/p>\n<\/div>\n\n\n\n<div class=\"wp-block-column is-layout-flow wp-block-column-is-layout-flow\">\n<figure class=\"wp-block-image size-full is-resized ext-aspect-landscape ext-import\"><img loading=\"lazy\" decoding=\"async\" width=\"398\" height=\"302\" src=\"https:\/\/qth.ee\/wp-content\/uploads\/2024\/05\/keevitaja.png\" alt=\"\" class=\"wp-image-1448\" style=\"aspect-ratio:1.5;object-fit:cover;width:456px;height:auto\" srcset=\"https:\/\/qth.ee\/wp-content\/uploads\/2024\/05\/keevitaja.png 398w, https:\/\/qth.ee\/wp-content\/uploads\/2024\/05\/keevitaja-300x228.png 300w, https:\/\/qth.ee\/wp-content\/uploads\/2024\/05\/keevitaja-16x12.png 16w\" sizes=\"(max-width: 398px) 100vw, 398px\" \/><\/figure>\n\n\n\n<h3 class=\"wp-block-heading has-text-align-center\" style=\"margin-top:24px;font-size:20px;line-height:1.5\"><strong><strong>Keevitus<\/strong><\/strong><\/h3>\n\n\n\n<p class=\"has-text-align-center has-small-font-size\" style=\"margin-top:8px\">Pakume TIG-, MIG-, MAG- ja gaasi keevitusteenuseid, mis tagavad tugevad ja usaldusv\u00e4\u00e4rsed keevis\u00f5mblused mitmesuguste rakenduste jaoks.<\/p>\n<\/div>\n<\/div>\n<\/div>\n\n\n\n<div class=\"inherit-container-width wp-block-group alignfull has-background-background-color has-background is-layout-constrained wp-container-core-group-is-layout-7276a2bb wp-block-group-is-layout-constrained\" style=\"margin-top:0;margin-bottom:0;padding-top:var(--wp--preset--spacing--60);padding-right:var(--wp--preset--spacing--30);padding-bottom:var(--wp--preset--spacing--60);padding-left:var(--wp--preset--spacing--30)\">\n<div class=\"wp-block-columns alignwide is-layout-flex wp-container-core-columns-is-layout-5b525043 wp-block-columns-is-layout-flex\">\n<div class=\"wp-block-column is-layout-flow wp-block-column-is-layout-flow\">\n<figure class=\"wp-block-image size-full ext-aspect-landscape ext-import\"><img loading=\"lazy\" decoding=\"async\" width=\"2560\" height=\"1707\" src=\"https:\/\/qth.ee\/wp-content\/uploads\/2024\/05\/tube-scaled.jpeg\" alt=\"\" class=\"wp-image-1621\" style=\"aspect-ratio:3\/2;object-fit:cover\" srcset=\"https:\/\/qth.ee\/wp-content\/uploads\/2024\/05\/tube-scaled.jpeg 2560w, https:\/\/qth.ee\/wp-content\/uploads\/2024\/05\/tube-300x200.jpeg 300w, https:\/\/qth.ee\/wp-content\/uploads\/2024\/05\/tube-1024x683.jpeg 1024w, https:\/\/qth.ee\/wp-content\/uploads\/2024\/05\/tube-768x512.jpeg 768w, https:\/\/qth.ee\/wp-content\/uploads\/2024\/05\/tube-1536x1024.jpeg 1536w, https:\/\/qth.ee\/wp-content\/uploads\/2024\/05\/tube-2048x1365.jpeg 2048w, https:\/\/qth.ee\/wp-content\/uploads\/2024\/05\/tube-18x12.jpeg 18w\" sizes=\"(max-width: 2560px) 100vw, 2560px\" \/><\/figure>\n\n\n\n<h3 class=\"wp-block-heading has-text-align-center\" style=\"margin-top:24px;font-size:20px;line-height:1.5\"><strong>Torude painutus<\/strong><\/h3>\n\n\n\n<p class=\"has-text-align-center has-small-font-size\" style=\"margin-top:8px\">Meie h\u00fcdrauliline torude painutusmasin, mille painutusraadius on 2 meetrit, v\u00f5imaldab t\u00e4pset ja kvaliteetset torude vormimist.<\/p>\n<\/div>\n\n\n\n<div class=\"wp-block-column is-layout-flow wp-block-column-is-layout-flow\">\n<figure class=\"wp-block-image size-full ext-aspect-landscape ext-import\"><img loading=\"lazy\" decoding=\"async\" width=\"2560\" height=\"1707\" src=\"https:\/\/qth.ee\/wp-content\/uploads\/2024\/05\/laser-scaled.jpeg\" alt=\"\" class=\"wp-image-1620\" style=\"aspect-ratio:3\/2;object-fit:cover\" srcset=\"https:\/\/qth.ee\/wp-content\/uploads\/2024\/05\/laser-scaled.jpeg 2560w, https:\/\/qth.ee\/wp-content\/uploads\/2024\/05\/laser-300x200.jpeg 300w, https:\/\/qth.ee\/wp-content\/uploads\/2024\/05\/laser-1024x683.jpeg 1024w, https:\/\/qth.ee\/wp-content\/uploads\/2024\/05\/laser-768x512.jpeg 768w, https:\/\/qth.ee\/wp-content\/uploads\/2024\/05\/laser-1536x1024.jpeg 1536w, https:\/\/qth.ee\/wp-content\/uploads\/2024\/05\/laser-2048x1365.jpeg 2048w, https:\/\/qth.ee\/wp-content\/uploads\/2024\/05\/laser-18x12.jpeg 18w\" sizes=\"(max-width: 2560px) 100vw, 2560px\" \/><\/figure>\n\n\n\n<h3 class=\"wp-block-heading has-text-align-center\" style=\"margin-top:24px;font-size:20px;line-height:1.5\">Laserl\u00f5ikamise teenus<\/h3>\n\n\n\n<p class=\"has-text-align-center has-small-font-size\" style=\"margin-top:8px\">Koost\u00f6\u00f6s partneritega pakume laserl\u00f5ikamisteenust.<\/p>\n<\/div>\n\n\n\n<div class=\"wp-block-column is-layout-flow wp-block-column-is-layout-flow\">\n<figure class=\"wp-block-image size-full ext-aspect-landscape ext-import\"><img loading=\"lazy\" decoding=\"async\" width=\"1024\" height=\"678\" src=\"https:\/\/qth.ee\/wp-content\/uploads\/2024\/05\/gears.jpeg\" alt=\"\" class=\"wp-image-1622\" style=\"aspect-ratio:3\/2;object-fit:cover\" srcset=\"https:\/\/qth.ee\/wp-content\/uploads\/2024\/05\/gears.jpeg 1024w, https:\/\/qth.ee\/wp-content\/uploads\/2024\/05\/gears-300x199.jpeg 300w, https:\/\/qth.ee\/wp-content\/uploads\/2024\/05\/gears-768x509.jpeg 768w, https:\/\/qth.ee\/wp-content\/uploads\/2024\/05\/gears-18x12.jpeg 18w\" sizes=\"(max-width: 1024px) 100vw, 1024px\" \/><\/figure>\n\n\n\n<h3 class=\"wp-block-heading has-text-align-center\" style=\"margin-top:24px;font-size:20px;line-height:1.5\"><strong>Hammasrattad<\/strong><\/h3>\n\n\n\n<p class=\"has-text-align-center has-small-font-size\" style=\"margin-top:8px\">Valmistame ja restaureerime t\u00f6\u00f6stuslike masinate hammasrattaid, tagades teie seadmete optimaalse j\u00f5udluse ja pikaealisuse.<\/p>\n<\/div>\n<\/div>\n<\/div>","protected":false},"excerpt":{"rendered":"<p>Meie masinapark: Meie masinapark sisaldab t\u00e4iustatud CNC- ja k\u00e4sitsi freesimise v\u00f5imalusi. Me saame hakkama [...]<\/p>","protected":false},"author":1,"featured_media":0,"parent":0,"menu_order":0,"comment_status":"closed","ping_status":"closed","template":"","meta":{"_uag_custom_page_level_css":"","site-sidebar-layout":"default","site-content-layout":"","ast-site-content-layout":"default","site-content-style":"default","site-sidebar-style":"default","ast-global-header-display":"","ast-banner-title-visibility":"","ast-main-header-display":"","ast-hfb-above-header-display":"","ast-hfb-below-header-display":"","ast-hfb-mobile-header-display":"","site-post-title":"disabled","ast-breadcrumbs-content":"","ast-featured-img":"","footer-sml-layout":"","theme-transparent-header-meta":"","adv-header-id-meta":"","stick-header-meta":"","header-above-stick-meta":"","header-main-stick-meta":"","header-below-stick-meta":"","astra-migrate-meta-layouts":"set","ast-page-background-enabled":"default","ast-page-background-meta":{"desktop":{"background-color":"var(--ast-global-color-4)","background-image":"","background-repeat":"repeat","background-position":"center center","background-size":"auto","background-attachment":"scroll","background-type":"","background-media":"","overlay-type":"","overlay-color":"","overlay-opacity":"","overlay-gradient":""},"tablet":{"background-color":"","background-image":"","background-repeat":"repeat","background-position":"center center","background-size":"auto","background-attachment":"scroll","background-type":"","background-media":"","overlay-type":"","overlay-color":"","overlay-opacity":"","overlay-gradient":""},"mobile":{"background-color":"","background-image":"","background-repeat":"repeat","background-position":"center center","background-size":"auto","background-attachment":"scroll","background-type":"","background-media":"","overlay-type":"","overlay-color":"","overlay-opacity":"","overlay-gradient":""}},"ast-content-background-meta":{"desktop":{"background-color":"var(--ast-global-color-5)","background-image":"","background-repeat":"repeat","background-position":"center center","background-size":"auto","background-attachment":"scroll","background-type":"","background-media":"","overlay-type":"","overlay-color":"","overlay-opacity":"","overlay-gradient":""},"tablet":{"background-color":"var(--ast-global-color-5)","background-image":"","background-repeat":"repeat","background-position":"center center","background-size":"auto","background-attachment":"scroll","background-type":"","background-media":"","overlay-type":"","overlay-color":"","overlay-opacity":"","overlay-gradient":""},"mobile":{"background-color":"var(--ast-global-color-5)","background-image":"","background-repeat":"repeat","background-position":"center center","background-size":"auto","background-attachment":"scroll","background-type":"","background-media":"","overlay-type":"","overlay-color":"","overlay-opacity":"","overlay-gradient":""}},"footnotes":""},"class_list":["post-1441","page","type-page","status-publish","hentry"],"uagb_featured_image_src":{"full":false,"thumbnail":false,"medium":false,"medium_large":false,"large":false,"1536x1536":false,"2048x2048":false,"trp-custom-language-flag":false},"uagb_author_info":{"display_name":"admin","author_link":"https:\/\/qth.ee\/et\/author\/admin\/"},"uagb_comment_info":0,"uagb_excerpt":"Our Machine Park: CNC and manual milling Our machine park includes advanced CNC and manual milling capabilities. We can handle [&hellip;]","_links":{"self":[{"href":"https:\/\/qth.ee\/et\/wp-json\/wp\/v2\/pages\/1441","targetHints":{"allow":["GET"]}}],"collection":[{"href":"https:\/\/qth.ee\/et\/wp-json\/wp\/v2\/pages"}],"about":[{"href":"https:\/\/qth.ee\/et\/wp-json\/wp\/v2\/types\/page"}],"author":[{"embeddable":true,"href":"https:\/\/qth.ee\/et\/wp-json\/wp\/v2\/users\/1"}],"replies":[{"embeddable":true,"href":"https:\/\/qth.ee\/et\/wp-json\/wp\/v2\/comments?post=1441"}],"version-history":[{"count":5,"href":"https:\/\/qth.ee\/et\/wp-json\/wp\/v2\/pages\/1441\/revisions"}],"predecessor-version":[{"id":1627,"href":"https:\/\/qth.ee\/et\/wp-json\/wp\/v2\/pages\/1441\/revisions\/1627"}],"wp:attachment":[{"href":"https:\/\/qth.ee\/et\/wp-json\/wp\/v2\/media?parent=1441"}],"curies":[{"name":"wp","href":"https:\/\/api.w.org\/{rel}","templated":true}]}}