{"id":167,"date":"2023-06-27T12:27:09","date_gmt":"2023-06-27T12:27:09","guid":{"rendered":"https:\/\/qth.ee\/offerings\/"},"modified":"2024-05-12T21:09:20","modified_gmt":"2024-05-12T21:09:20","slug":"offerings","status":"publish","type":"page","link":"https:\/\/qth.ee\/et\/offerings\/","title":{"rendered":"Pakkumised"},"content":{"rendered":"<div class=\"wp-block-uagb-container uagb-block-6803eae3 alignfull uagb-is-root-container\"><div class=\"uagb-container-inner-blocks-wrap\">\n<div class=\"wp-block-uagb-advanced-heading uagb-block-a2f9964e\"><h1 class=\"uagb-heading-text\">T\u00e4ppist\u00f6\u00f6tluslahendused<\/h1><\/div>\n<\/div><\/div>\n\n\n\n<div class=\"wp-block-uagb-container uagb-block-623363c6 alignfull uagb-is-root-container\"><div class=\"uagb-container-inner-blocks-wrap\">\n<div class=\"wp-block-uagb-info-box uagb-block-3801b6ed uagb-infobox__content-wrap  uagb-infobox-icon-above-title uagb-infobox-image-valign-top\"><div class=\"uagb-ifb-content\"><div class=\"uagb-ifb-title-wrap\"><h2 class=\"uagb-ifb-title\">Peamised tootmisv\u00f5imalused<\/h2><\/div><p class=\"uagb-ifb-desc\">Tutvuge p\u00f5hiteenustega, mida me pakume erinevate t\u00f6\u00f6stusvajaduste rahuldamiseks<\/p><\/div><\/div>\n\n\n\n<div class=\"wp-block-uagb-container uagb-block-e91230d3\">\n<div class=\"wp-block-uagb-container uagb-block-b46395ef\">\n<div class=\"wp-block-uagb-image alignleft uagb-block-4ff9da3f wp-block-uagb-image--layout-default wp-block-uagb-image--effect-static wp-block-uagb-image--align-left\"><figure class=\"wp-block-uagb-image__figure\"><img loading=\"lazy\" decoding=\"async\" srcset=\"https:\/\/qth.ee\/wp-content\/uploads\/2024\/05\/pexels-photo-10406128.jpeg ,https:\/\/qth.ee\/wp-content\/uploads\/2024\/05\/pexels-photo-10406128.jpeg 780w, https:\/\/qth.ee\/wp-content\/uploads\/2024\/05\/pexels-photo-10406128.jpeg 360w\" sizes=\"auto, (max-width: 480px) 150px\" src=\"https:\/\/qth.ee\/wp-content\/uploads\/2024\/05\/pexels-photo-10406128.jpeg\" alt=\"\" class=\"uag-image-19\" width=\"560\" height=\"500\" title=\"\" role=\"img\"\/><\/figure><\/div>\n<\/div>\n\n\n\n<div class=\"wp-block-uagb-container uagb-block-7621abb2\">\n<div class=\"wp-block-uagb-info-box uagb-block-f3d2d6b2 uagb-infobox__content-wrap  uagb-infobox-icon-above-title uagb-infobox-image-valign-top\"><div class=\"uagb-ifb-content\"><div class=\"uagb-ifb-title-wrap\"><span class=\"uagb-ifb-title-prefix\">01<\/span><h3 class=\"uagb-ifb-title\">Masinaosad<\/h3><\/div><p class=\"uagb-ifb-desc\">Meie t\u00e4ppis CNC-t\u00f6\u00f6tlemisteenused tagavad kvaliteetsete detailide tootmise tihedate tolerantsidega, mis on ideaalsed kriitiliste rakenduste jaoks.<\/p><div class=\"uagb-ifb-button-wrapper wp-block-button\"><a href=\"https:\/\/qth.ee\/et\/contact\/\" class=\"uagb-infobox-cta-link wp-block-button__link\" target=\"_self\" rel=\"noopener noreferrer\" onclick=\"return true;\" alt=\"\"><span class=\"uagb-inline-editing\">Alusta<\/span><\/a><\/div><\/div><\/div>\n<\/div>\n<\/div>\n\n\n\n<div class=\"wp-block-uagb-container uagb-block-3893b8aa\">\n<div class=\"wp-block-uagb-container uagb-block-b02b419f\">\n<div class=\"wp-block-uagb-image alignright uagb-block-2622f629 wp-block-uagb-image--layout-default wp-block-uagb-image--effect-static wp-block-uagb-image--align-right\"><figure class=\"wp-block-uagb-image__figure\"><img loading=\"lazy\" decoding=\"async\" srcset=\"https:\/\/qth.ee\/wp-content\/uploads\/2024\/05\/pexels-photo-7568427.jpeg ,https:\/\/qth.ee\/wp-content\/uploads\/2024\/05\/pexels-photo-7568427.jpeg 780w, https:\/\/qth.ee\/wp-content\/uploads\/2024\/05\/pexels-photo-7568427.jpeg 360w\" sizes=\"auto, (max-width: 480px) 150px\" src=\"https:\/\/qth.ee\/wp-content\/uploads\/2024\/05\/pexels-photo-7568427.jpeg\" alt=\"\" class=\"uag-image-20\" width=\"560\" height=\"500\" title=\"\" role=\"img\"\/><\/figure><\/div>\n<\/div>\n\n\n\n<div class=\"wp-block-uagb-container uagb-block-862a6668\">\n<div class=\"wp-block-uagb-info-box uagb-block-411c16f4 uagb-infobox__content-wrap  uagb-infobox-icon-above-title uagb-infobox-image-valign-top\"><div class=\"uagb-ifb-content\"><div class=\"uagb-ifb-title-wrap\"><span class=\"uagb-ifb-title-prefix\">02<\/span><h3 class=\"uagb-ifb-title\">Partii tootmine<\/h3><\/div><p class=\"uagb-ifb-desc\">Meie automatiseeritud treimis- ja freesimisprotsesside abil suudame toota suurtes kogustes komponente t\u00f5husalt ja t\u00e4pselt.<\/p><div class=\"uagb-ifb-button-wrapper wp-block-button\"><a href=\"https:\/\/qth.ee\/et\/contact\/\" class=\"uagb-infobox-cta-link wp-block-button__link\" target=\"_self\" rel=\"noopener noreferrer\" onclick=\"return true;\" alt=\"\"><span class=\"uagb-inline-editing\">Alusta<\/span><\/a><\/div><\/div><\/div>\n<\/div>\n<\/div>\n\n\n\n<div class=\"wp-block-uagb-container uagb-block-64c2a67e\">\n<div class=\"wp-block-uagb-container uagb-block-3fbfeeed\">\n<div class=\"wp-block-uagb-image alignleft uagb-block-5517d747 wp-block-uagb-image--layout-default wp-block-uagb-image--effect-static wp-block-uagb-image--align-left\"><figure class=\"wp-block-uagb-image__figure\"><img loading=\"lazy\" decoding=\"async\" srcset=\"https:\/\/qth.ee\/wp-content\/uploads\/2024\/05\/pexels-photo-10406128.jpeg ,https:\/\/qth.ee\/wp-content\/uploads\/2024\/05\/pexels-photo-10406128.jpeg 780w, https:\/\/qth.ee\/wp-content\/uploads\/2024\/05\/pexels-photo-10406128.jpeg 360w\" sizes=\"auto, (max-width: 480px) 150px\" src=\"https:\/\/qth.ee\/wp-content\/uploads\/2024\/05\/pexels-photo-10406128.jpeg\" alt=\"\" class=\"uag-image-19\" width=\"560\" height=\"500\" title=\"\" role=\"img\"\/><\/figure><\/div>\n<\/div>\n\n\n\n<div class=\"wp-block-uagb-container uagb-block-4906a1e2\">\n<div class=\"wp-block-uagb-info-box uagb-block-b2c48bb3 uagb-infobox__content-wrap  uagb-infobox-icon-above-title uagb-infobox-image-valign-top\"><div class=\"uagb-ifb-content\"><div class=\"uagb-ifb-title-wrap\"><span class=\"uagb-ifb-title-prefix\">03<\/span><h3 class=\"uagb-ifb-title\">Komplekssed komponendid<\/h3><\/div><p class=\"uagb-ifb-desc\">Spetsialiseerudes keerukatele montaa\u017eiprojektidele, pakume terviklikku lahendust alates projekteerimisest kuni montaa\u017eini, \u00fchtlustades tootmise t\u00e4htaegu.<\/p><div class=\"uagb-ifb-button-wrapper wp-block-button\"><a href=\"https:\/\/qth.ee\/et\/contact\/\" class=\"uagb-infobox-cta-link wp-block-button__link\" target=\"_self\" rel=\"noopener noreferrer\" onclick=\"return true;\" alt=\"\"><span class=\"uagb-inline-editing\">Alusta<\/span><\/a><\/div><\/div><\/div>\n<\/div>\n<\/div>\n<\/div><\/div>\n\n\n\n<div class=\"wp-block-uagb-container uagb-block-407e9912 alignfull uagb-is-root-container\"><div class=\"uagb-container-inner-blocks-wrap\">\n<div class=\"wp-block-uagb-testimonial uagb-slick-carousel uagb-tm__arrow-outside uagb-block-63d6bdbb uagb-post__carousel_notset uagb-post__carousel_notset-tablet uagb-post__carousel_notset-mobile\"><div class=\"is-carousel uagb-tm__columns-1 uagb-tm__items\"><div class=\"uagb-testimonial__wrap  uagb-tm__imgicon-style-circle uagb-tm__image-position-top uagb-tm__bg-type-none\"><div class=\"uagb-tm__content\"><div class=\"uagb-tm__overlay\"><\/div><div class=\"uagb-tm__image-content\"><div class=\"uagb-tm__image\"><img loading=\"lazy\" decoding=\"async\" class=\"uagb-tm-img-src\" src=\"https:\/\/qth.ee\/wp-content\/uploads\/2023\/08\/testimonial-skip-02.jpeg\" alt=\"\" width=\"60\" height=\"60\"\/><\/div><\/div><div class=\"uagb-tm__text-wrap\"><div class=\"uagb-tm__desc\">QTH p\u00fchendumus kvaliteedile ja t\u00e4psusele on v\u00f5rratu, nende mehaanilise t\u00f6\u00f6tlemise teadmised on olnud meie toodete edu lahutamatu osa.<\/div><div class=\"uagb-tm__meta-inner\"><div class=\"uagb-testimonial-details\"><span class=\"uagb-tm__author-name\">Sophia Reed<\/span><span class=\"uagb-tm__company\"><\/span><\/div><\/div><\/div><\/div><\/div><\/div><\/div>\n<\/div><\/div>\n\n\n\n<div class=\"wp-block-uagb-container uagb-block-c6476a98 alignfull uagb-is-root-container\"><div class=\"uagb-container-inner-blocks-wrap\">\n<div class=\"wp-block-uagb-container uagb-block-499f3e2a\">\n<div class=\"wp-block-uagb-advanced-heading uagb-block-6fe09642\"><h2 class=\"uagb-heading-text\">Miks valida QTH?<\/h2><\/div>\n\n\n\n<div class=\"wp-block-uagb-advanced-heading uagb-block-72279faa\"><p class=\"uagb-heading-text\">Avastage unikaalsed eelised, mis eristavad QTH-d ja pakuvad erakordseid t\u00f6\u00f6tlemislahendusi.<\/p><\/div>\n<\/div>\n\n\n\n<div class=\"wp-block-uagb-container uagb-block-8c7963ad\">\n<div class=\"wp-block-uagb-container uagb-block-918d0378\">\n<div class=\"wp-block-uagb-image uagb-block-0a080123 wp-block-uagb-image--layout-default wp-block-uagb-image--effect-static wp-block-uagb-image--align-none\"><figure class=\"wp-block-uagb-image__figure\"><img loading=\"lazy\" decoding=\"async\" srcset=\"https:\/\/qth.ee\/wp-content\/uploads\/2024\/05\/pexels-photo-10406128.jpeg ,https:\/\/qth.ee\/wp-content\/uploads\/2024\/05\/pexels-photo-10406128.jpeg 780w, https:\/\/qth.ee\/wp-content\/uploads\/2024\/05\/pexels-photo-10406128.jpeg 360w\" sizes=\"auto, (max-width: 480px) 150px\" src=\"https:\/\/qth.ee\/wp-content\/uploads\/2024\/05\/pexels-photo-10406128.jpeg\" alt=\"\" class=\"uag-image-19\" width=\"560\" height=\"450\" title=\"\" role=\"img\"\/><\/figure><\/div>\n\n\n\n<div class=\"wp-block-uagb-advanced-heading uagb-block-53687665\"><h3 class=\"uagb-heading-text\">Kvaliteedi tagamine<\/h3><p class=\"uagb-desc-text\">Meie p\u00fchendunud meeskond tagab, et iga toode vastab rangetele kvaliteedistandarditele, pakkudes teile usaldusv\u00e4\u00e4rseid ja vastupidavaid t\u00f6\u00f6tlemislahendusi.<\/p><\/div>\n<\/div>\n\n\n\n<div class=\"wp-block-uagb-container uagb-block-a2b4d0ac\">\n<div class=\"wp-block-uagb-image alignleft uagb-block-7a16e14f wp-block-uagb-image--layout-default wp-block-uagb-image--effect-static wp-block-uagb-image--align-left\"><figure class=\"wp-block-uagb-image__figure\"><img loading=\"lazy\" decoding=\"async\" srcset=\"https:\/\/qth.ee\/wp-content\/uploads\/2024\/05\/pexels-photo-7568427.jpeg ,https:\/\/qth.ee\/wp-content\/uploads\/2024\/05\/pexels-photo-7568427.jpeg 780w, https:\/\/qth.ee\/wp-content\/uploads\/2024\/05\/pexels-photo-7568427.jpeg 360w\" sizes=\"auto, (max-width: 480px) 150px\" src=\"https:\/\/qth.ee\/wp-content\/uploads\/2024\/05\/pexels-photo-7568427.jpeg\" alt=\"\" class=\"uag-image-20\" width=\"560\" height=\"450\" title=\"\" role=\"img\"\/><\/figure><\/div>\n\n\n\n<div class=\"wp-block-uagb-advanced-heading uagb-block-c5a580ac\"><h3 class=\"uagb-heading-text\">Ekspertide k\u00e4sit\u00f6\u00f6<\/h3><p class=\"uagb-desc-text\">Keskendudes t\u00e4psusele ja t\u00e4helepanu p\u00f6\u00f6ramisele detailidele, tagavad meie kvalifitseeritud k\u00e4sit\u00f6\u00f6lised iga toodetud mehaanilise osa v\u00f5rratu kvaliteedi.<\/p><\/div>\n<\/div>\n<\/div>\n<\/div><\/div>\n\n\n\n<div class=\"wp-block-uagb-container uagb-block-c84325e4 alignfull uagb-is-root-container\"><div class=\"uagb-container-inner-blocks-wrap\">\n<div class=\"wp-block-uagb-info-box uagb-block-d8a09d88 uagb-infobox__content-wrap  uagb-infobox-icon-above-title uagb-infobox-image-valign-top\"><div class=\"uagb-ifb-content\"><div class=\"uagb-ifb-title-wrap\"><h2 class=\"uagb-ifb-title\">V\u00f5tke \u00fchendust t\u00e4na<\/h2><\/div><p class=\"uagb-ifb-desc\">V\u00f5tke meiega \u00fchendust, kui vajate t\u00e4ppis-t\u00f6\u00f6tlust, koostamist v\u00f5i valmis lahendust. Teeme koost\u00f6\u00f6d ja loome koos kvaliteetseid ja kestvaid lahendusi.<\/p><div class=\"uagb-ifb-button-wrapper wp-block-button\"><a href=\"https:\/\/qth.ee\/et\/contact\/#contact-now\" class=\"uagb-infobox-cta-link wp-block-button__link\" target=\"_self\" rel=\"noopener noreferrer\" onclick=\"return true;\" alt=\"\"><span class=\"uagb-inline-editing\">K\u00fcsi pakkumist<\/span><\/a><\/div><\/div><\/div>\n<\/div><\/div>","protected":false},"excerpt":{"rendered":"<p>T\u00e4ppist\u00f6\u00f6tluslahendused Miks valida QTH? Avastage unikaalsed eelised, mis eristavad QTH-d ja pakuvad erakordseid t\u00f6\u00f6tlemislahendusi. Kvaliteet [...]<\/p>","protected":false},"author":1,"featured_media":0,"parent":0,"menu_order":0,"comment_status":"closed","ping_status":"closed","template":"","meta":{"_uag_custom_page_level_css":"","site-sidebar-layout":"default","site-content-layout":"","ast-site-content-layout":"default","site-content-style":"default","site-sidebar-style":"default","ast-global-header-display":"","ast-banner-title-visibility":"","ast-main-header-display":"","ast-hfb-above-header-display":"","ast-hfb-below-header-display":"","ast-hfb-mobile-header-display":"","site-post-title":"disabled","ast-breadcrumbs-content":"","ast-featured-img":"","footer-sml-layout":"","theme-transparent-header-meta":"enabled","adv-header-id-meta":"","stick-header-meta":"","header-above-stick-meta":"","header-main-stick-meta":"","header-below-stick-meta":"","astra-migrate-meta-layouts":"set","ast-page-background-enabled":"default","ast-page-background-meta":{"desktop":{"background-color":"var(--ast-global-color-4)","background-image":"","background-repeat":"repeat","background-position":"center center","background-size":"auto","background-attachment":"scroll","background-type":"","background-media":"","overlay-type":"","overlay-color":"","overlay-opacity":"","overlay-gradient":""},"tablet":{"background-color":"","background-image":"","background-repeat":"repeat","background-position":"center center","background-size":"auto","background-attachment":"scroll","background-type":"","background-media":"","overlay-type":"","overlay-color":"","overlay-opacity":"","overlay-gradient":""},"mobile":{"background-color":"","background-image":"","background-repeat":"repeat","background-position":"center center","background-size":"auto","background-attachment":"scroll","background-type":"","background-media":"","overlay-type":"","overlay-color":"","overlay-opacity":"","overlay-gradient":""}},"ast-content-background-meta":{"desktop":{"background-color":"var(--ast-global-color-5)","background-image":"","background-repeat":"repeat","background-position":"center center","background-size":"auto","background-attachment":"scroll","background-type":"","background-media":"","overlay-type":"","overlay-color":"","overlay-opacity":"","overlay-gradient":""},"tablet":{"background-color":"var(--ast-global-color-5)","background-image":"","background-repeat":"repeat","background-position":"center center","background-size":"auto","background-attachment":"scroll","background-type":"","background-media":"","overlay-type":"","overlay-color":"","overlay-opacity":"","overlay-gradient":""},"mobile":{"background-color":"var(--ast-global-color-5)","background-image":"","background-repeat":"repeat","background-position":"center center","background-size":"auto","background-attachment":"scroll","background-type":"","background-media":"","overlay-type":"","overlay-color":"","overlay-opacity":"","overlay-gradient":""}},"footnotes":""},"class_list":["post-167","page","type-page","status-publish","hentry"],"uagb_featured_image_src":{"full":false,"thumbnail":false,"medium":false,"medium_large":false,"large":false,"1536x1536":false,"2048x2048":false,"trp-custom-language-flag":false},"uagb_author_info":{"display_name":"admin","author_link":"https:\/\/qth.ee\/et\/author\/admin\/"},"uagb_comment_info":0,"uagb_excerpt":"Precision Machining Solutions Why Choose QTH? Discover the unique advantages that set QTH apart and deliver exceptional machining solutions. Quality [&hellip;]","_links":{"self":[{"href":"https:\/\/qth.ee\/et\/wp-json\/wp\/v2\/pages\/167","targetHints":{"allow":["GET"]}}],"collection":[{"href":"https:\/\/qth.ee\/et\/wp-json\/wp\/v2\/pages"}],"about":[{"href":"https:\/\/qth.ee\/et\/wp-json\/wp\/v2\/types\/page"}],"author":[{"embeddable":true,"href":"https:\/\/qth.ee\/et\/wp-json\/wp\/v2\/users\/1"}],"replies":[{"embeddable":true,"href":"https:\/\/qth.ee\/et\/wp-json\/wp\/v2\/comments?post=167"}],"version-history":[{"count":2,"href":"https:\/\/qth.ee\/et\/wp-json\/wp\/v2\/pages\/167\/revisions"}],"predecessor-version":[{"id":1301,"href":"https:\/\/qth.ee\/et\/wp-json\/wp\/v2\/pages\/167\/revisions\/1301"}],"wp:attachment":[{"href":"https:\/\/qth.ee\/et\/wp-json\/wp\/v2\/media?parent=167"}],"curies":[{"name":"wp","href":"https:\/\/api.w.org\/{rel}","templated":true}]}}