{"id":2,"date":"2024-05-13T00:02:26","date_gmt":"2024-05-13T00:02:26","guid":{"rendered":"https:\/\/qth.ee\/?page_id=2"},"modified":"2024-05-13T00:02:26","modified_gmt":"2024-05-13T00:02:26","slug":"sample-page","status":"publish","type":"page","link":"https:\/\/qth.ee\/et\/sample-page\/","title":{"rendered":"N\u00e4idisleht"},"content":{"rendered":"<p>See on n\u00e4idisleht. See erineb blogipostitusest, sest see j\u00e4\u00e4b \u00fchte kohta ja kuvatakse teie saidi navigatsioonis (enamikus teemades). Enamik inimesi alustab veebilehega \"About\", mis tutvustab neid potentsiaalsetele k\u00fclastajatele. See v\u00f5ib \u00f6elda midagi sellist:<\/p>\n\n\n\n<blockquote class=\"wp-block-quote is-layout-flow wp-block-quote-is-layout-flow\"><p>Tere! Ma olen jalgrattakuller p\u00e4eval, ambitsioonikas n\u00e4itleja \u00f6\u00f6sel, ja see on minu veebileht. Ma elan Los Angeleses, mul on suurep\u00e4rane koer nimega Jack ja mulle meeldib pi\u00f1a colada. (Ja vihma k\u00e4tte j\u00e4\u00e4da.)<\/p><\/blockquote>\n\n\n\n<p>...v\u00f5i midagi sellist:<\/p>\n\n\n\n<blockquote class=\"wp-block-quote is-layout-flow wp-block-quote-is-layout-flow\"><p>XYZ Doohickey Company asutati 1971. aastal ja on sellest ajast alates pakkunud avalikkusele kvaliteetseid doohickeysid. XYZ asub Gotham Citys, kus t\u00f6\u00f6tab \u00fcle 2000 inimese ja teeb Gothami kogukonna jaoks igasuguseid vingeid asju.<\/p><\/blockquote>\n\n\n\n<p>Uue WordPressi kasutajana peaksite minema aadressile <a href=\"https:\/\/qth.ee\/wp-admin\/\">teie armatuurlaud<\/a> kustutada see lehek\u00fclg ja luua uued lehek\u00fcljed oma sisu jaoks. L\u00f5butsege!<\/p>","protected":false},"excerpt":{"rendered":"<p>See on n\u00e4idisleht. See erineb blogipostitusest, sest see j\u00e4\u00e4b \u00fchte kohta ja [...]<\/p>","protected":false},"author":1,"featured_media":0,"parent":0,"menu_order":0,"comment_status":"closed","ping_status":"open","template":"","meta":{"_uag_custom_page_level_css":"","site-sidebar-layout":"default","site-content-layout":"","ast-site-content-layout":"","site-content-style":"default","site-sidebar-style":"default","ast-global-header-display":"","ast-banner-title-visibility":"","ast-main-header-display":"","ast-hfb-above-header-display":"","ast-hfb-below-header-display":"","ast-hfb-mobile-header-display":"","site-post-title":"","ast-breadcrumbs-content":"","ast-featured-img":"","footer-sml-layout":"","theme-transparent-header-meta":"","adv-header-id-meta":"","stick-header-meta":"","header-above-stick-meta":"","header-main-stick-meta":"","header-below-stick-meta":"","astra-migrate-meta-layouts":"default","ast-page-background-enabled":"default","ast-page-background-meta":{"desktop":{"background-color":"var(--ast-global-color-4)","background-image":"","background-repeat":"repeat","background-position":"center center","background-size":"auto","background-attachment":"scroll","background-type":"","background-media":"","overlay-type":"","overlay-color":"","overlay-opacity":"","overlay-gradient":""},"tablet":{"background-color":"","background-image":"","background-repeat":"repeat","background-position":"center center","background-size":"auto","background-attachment":"scroll","background-type":"","background-media":"","overlay-type":"","overlay-color":"","overlay-opacity":"","overlay-gradient":""},"mobile":{"background-color":"","background-image":"","background-repeat":"repeat","background-position":"center center","background-size":"auto","background-attachment":"scroll","background-type":"","background-media":"","overlay-type":"","overlay-color":"","overlay-opacity":"","overlay-gradient":""}},"ast-content-background-meta":{"desktop":{"background-color":"var(--ast-global-color-5)","background-image":"","background-repeat":"repeat","background-position":"center center","background-size":"auto","background-attachment":"scroll","background-type":"","background-media":"","overlay-type":"","overlay-color":"","overlay-opacity":"","overlay-gradient":""},"tablet":{"background-color":"var(--ast-global-color-5)","background-image":"","background-repeat":"repeat","background-position":"center center","background-size":"auto","background-attachment":"scroll","background-type":"","background-media":"","overlay-type":"","overlay-color":"","overlay-opacity":"","overlay-gradient":""},"mobile":{"background-color":"var(--ast-global-color-5)","background-image":"","background-repeat":"repeat","background-position":"center center","background-size":"auto","background-attachment":"scroll","background-type":"","background-media":"","overlay-type":"","overlay-color":"","overlay-opacity":"","overlay-gradient":""}},"footnotes":""},"class_list":["post-2","page","type-page","status-publish","hentry"],"uagb_featured_image_src":{"full":false,"thumbnail":false,"medium":false,"medium_large":false,"large":false,"1536x1536":false,"2048x2048":false,"trp-custom-language-flag":false},"uagb_author_info":{"display_name":"admin","author_link":"https:\/\/qth.ee\/et\/author\/admin\/"},"uagb_comment_info":0,"uagb_excerpt":"This is an example page. It&#8217;s different from a blog post because it will stay in one place and will [&hellip;]","_links":{"self":[{"href":"https:\/\/qth.ee\/et\/wp-json\/wp\/v2\/pages\/2","targetHints":{"allow":["GET"]}}],"collection":[{"href":"https:\/\/qth.ee\/et\/wp-json\/wp\/v2\/pages"}],"about":[{"href":"https:\/\/qth.ee\/et\/wp-json\/wp\/v2\/types\/page"}],"author":[{"embeddable":true,"href":"https:\/\/qth.ee\/et\/wp-json\/wp\/v2\/users\/1"}],"replies":[{"embeddable":true,"href":"https:\/\/qth.ee\/et\/wp-json\/wp\/v2\/comments?post=2"}],"version-history":[{"count":0,"href":"https:\/\/qth.ee\/et\/wp-json\/wp\/v2\/pages\/2\/revisions"}],"wp:attachment":[{"href":"https:\/\/qth.ee\/et\/wp-json\/wp\/v2\/media?parent=2"}],"curies":[{"name":"wp","href":"https:\/\/api.w.org\/{rel}","templated":true}]}}